{"id":1253,"date":"2019-12-04T13:47:11","date_gmt":"2019-12-04T13:47:11","guid":{"rendered":"https:\/\/solene.qodeinteractive.com\/?page_id=1253"},"modified":"2025-01-31T16:16:11","modified_gmt":"2025-01-31T16:16:11","slug":"omkring-os","status":"publish","type":"page","link":"http:\/\/167.235.1.82\/~eventbye\/index.php\/omkring-os\/","title":{"rendered":"Omkring os"},"content":{"rendered":"<div class=\"wpb-content-wrapper\"><p>[vc_row css=&#8221;.vc_custom_1575381762623{margin-right: 45px !important;margin-left: 45px !important;}&#8221;][vc_column offset=&#8221;vc_hidden-xs&#8221;]<div class=\"eltdf-elements-holder   eltdf-one-column  eltdf-responsive-mode-768 \" ><div class=\"eltdf-eh-item   eltdf-horizontal-alignment-center \" style=\"background-image: url(http:\/\/167.235.1.82\/~eventbye\/wp-content\/uploads\/2025\/01\/Design-uden-navn-3.webp)\" data-item-class=\"eltdf-eh-custom-3839\">\n\t<div class=\"eltdf-eh-item-inner\">\n\t\t<div class=\"eltdf-eh-item-content eltdf-eh-custom-3839\" style=\"padding: 15% 0 15% 0\">\n\t\t\t<div class=\"eltdf-section-title-holder  \" >\n\t<div class=\"eltdf-st-inner\">\n\t\t\t\t\t\t\t<h1 class=\"eltdf-st-title\" style=\"color: #ffffff\">\n\t\t\t\tOmkring os\t\t\t\t\t\t\t<\/h1>\n\t\t\t\t\t\t\t<h2  class=\"eltdf-st-subtitle\" style=\"text-transform: none;color: #ffffff\">\n\t\t\t\t<span>\n\t\t\t\t\tHvem er Evenbyen Simgolf?\t\t\t\t\t\t\t\t\t<\/span>\n\t\t\t<\/h2 >\n\t\t\t\t\t\t\t<\/div>\n<\/div>\t\t<\/div>\n\t<\/div>\n<\/div><\/div>[\/vc_column][\/vc_row][vc_row row_content_width=&#8221;grid&#8221; css=&#8221;.vc_custom_1579522628016{padding-top: 108px !important;}&#8221;][vc_column]<div class=\"eltdf-section-title-holder  \" style=\"text-align: center\">\n\t<div class=\"eltdf-st-inner\">\n\t\t\t\t\t\t\t<h1 class=\"eltdf-st-title\" style=\"color: #80796c\">\n\t\t\t\tEventbyen K\u00f8benhavn\t\t\t\t\t\t\t<\/h1>\n\t\t\t\t\t\t\t<h3  class=\"eltdf-st-subtitle\" style=\"margin-top: 3px;text-transform: none;font-style: italic;color: #84847c\">\n\t\t\t\t<span>\n\t\t\t\t\tDit eventcenter med uendelige muligheder\t\t\t\t\t\t\t\t\t<\/span>\n\t\t\t<\/h3 >\n\t\t\t\t\t\t\t<h4 class=\"eltdf-st-text\" style=\"color: #80796c\">\n\t\t\t\tAdresse: Hvidkildevej 64, 2400 K\u00f8benhavn NV\t\t\t<\/h4>\n\t\t\t\t\t<\/div>\n<\/div>[vc_empty_space height=&#8221;25px&#8221;][vc_separator color=&#8221;black&#8221; css=&#8221;&#8221;][vc_empty_space height=&#8221;25px&#8221;][vc_column_text css=&#8221;&#8221;]<\/p>\n<div class=\"page\" title=\"Page 2\">\n<div class=\"layoutArea\">\n<div class=\"column\">\n<p style=\"text-align: center; font-size: 20px;\"><span style=\"color: #000000;\">Velkommen til Eventbyen K\u00f8benhavn \u2013 det perfekte sted til fester og events med lidt ekstra! Beliggende i hjertet af K\u00f8benhavn NV, tilbyder vi moderne og fleksible lokaler til alle slags begivenheder. Uanset om du planl\u00e6gger en fest, et firmaarrangement eller en social sammenkomst, s\u00f8rger vi for en oplevelse, der kombinerer elegance og sjov.<\/span><\/p>\n<p style=\"text-align: center; font-size: 20px;\"><strong><span style=\"color: #000000;\">Lidt om os hos Eventbyen K\u00f8benhavn:<\/span><\/strong><\/p>\n<p style=\"text-align: center; font-size: 20px;\"><span style=\"color: #000000;\"><strong>Kapacitet:<\/strong> Vores lokaler kan rumme op til 150 spisende g\u00e6ster, og endnu flere, hvis du v\u00e6lger et sta\u030aende arrangement. Vi tilbyder fleksible ops\u00e6tninger, der kan tilpasses lige pr\u00e6cis dit behov.<\/span><\/p>\n<p style=\"text-align: center; font-size: 20px;\"><span style=\"color: #000000;\"><strong>Aktiviteter:<\/strong> Med 12 Trackman-simulatorer kan du og dine g\u00e6ster pr\u00f8ve kr\u00e6fter med golf og andre sjove, virtuelle spil \u2013 perfekt til at bryde isen eller tilf\u00f8je lidt konkurrence til festen.<\/span><\/p>\n<p style=\"text-align: center; font-size: 20px;\"><span style=\"color: #000000;\"><strong>Tilknyttet Gr\u00f8ndal Multicenter:<\/strong> For dem, der \u00f8nsker endnu flere aktiviteter, samarbejder vi med Gr\u00f8ndal Multicenter, som tilbyder mere end 50 forskellige sportsgrene. Uanset om du er til badminton, basketball eller noget helt tredje, kan du tilv\u00e6lge sportsaktiviteter som en del af dit event. Bem\u00e6rk: Antallet af deltagere varierer afh\u00e6ngigt af den valgte sport.<\/span><\/p>\n<p style=\"text-align: center; font-size: 20px;\"><span style=\"color: #000000;\"><strong>Store udend\u00f8rs omra\u030ader:<\/strong> Hos Eventbyen K\u00f8benhavn har vi store udend\u00f8rs arealer, hvor kun fantasien s\u00e6tter gr\u00e6nser. Her kan du tilf\u00f8je aktiviteter som petanque, padel eller en fodboldkamp til dit arrangement \u2013 det perfekte valg til sommerfester eller teambuilding-events.<\/span><\/p>\n<p style=\"text-align: center; font-size: 20px;\"><span style=\"color: #000000;\">Central beliggenhed med offentlig transport lige uden for d\u00f8ren er det nemt for dine g\u00e6ster at komme frem og tilbage, uanset hvor de kommer fra. Store parkeringsarealer med 4 timers\/ gratis parkering.<\/span><\/p>\n<p style=\"text-align: center; font-size: 20px;\"><span style=\"color: #000000;\">Vores erfarne eventkoordinatorer sta\u030ar klar til at hj\u00e6lpe dig med planl\u00e6gningen \u2013 fra dekoration og ops\u00e6tning til mad, aktiviteter og underholdning. Vi s\u00f8rger for, at din begivenhed bliver en unik og mindev\u00e6rdig oplevelse.<\/span><\/p>\n<\/div>\n<\/div>\n<\/div>\n<p>[\/vc_column_text][vc_empty_space height=&#8221;50px&#8221;][vc_images_carousel images=&#8221;4724,4725,4726,4727&#8243; img_size=&#8221;1300&#215;600&#8243; autoplay=&#8221;yes&#8221; wrap=&#8221;yes&#8221; css=&#8221;&#8221;][\/vc_column][\/vc_row][vc_row row_content_width=&#8221;grid&#8221; css=&#8221;.vc_custom_1579522628016{padding-top: 108px !important;}&#8221;][vc_column]<div class=\"eltdf-section-title-holder  \" style=\"text-align: center\">\n\t<div class=\"eltdf-st-inner\">\n\t\t\t\t\t\t\t<h1 class=\"eltdf-st-title\" style=\"color: #80796c\">\n\t\t\t\tEventbyen Amager\t\t\t\t\t\t\t<\/h1>\n\t\t\t\t\t\t\t<h3  class=\"eltdf-st-subtitle\" style=\"margin-top: 3px;text-transform: none;font-style: italic;color: #84847c\">\n\t\t\t\t<span>\n\t\t\t\t\tHvor festen letter!\t\t\t\t\t\t\t\t\t<\/span>\n\t\t\t<\/h3 >\n\t\t\t\t\t\t\t<h4 class=\"eltdf-st-text\" style=\"color: #80796c\">\n\t\t\t\tAdresse: Amagerlandevej 233, Flyverbyen, 2770 Kastrup\t\t\t<\/h4>\n\t\t\t\t\t<\/div>\n<\/div>[vc_empty_space height=&#8221;25px&#8221;][vc_separator color=&#8221;black&#8221; css=&#8221;&#8221;][vc_empty_space height=&#8221;25px&#8221;][vc_column_text css=&#8221;&#8221;]<\/p>\n<div class=\"page\" title=\"Page 2\">\n<div class=\"layoutArea\">\n<div class=\"column\">\n<div class=\"page\" title=\"Page 3\">\n<div class=\"layoutArea\">\n<div class=\"column\">\n<p style=\"text-align: center; font-size: 20px;\"><span style=\"color: #000000;\">Velkommen til Eventbyen Amager \u2013 et sted, der fa\u030ar din fest til at tage flyveh\u00f8jde! Beliggende i Flyverbyen t\u00e6t pa\u030a K\u00f8benhavns Lufthavn tilbyder vi en unik kombination af stil, komfort og sjove aktiviteter, alt sammen samlet under e\u0301t tag.<\/span><\/p>\n<p style=\"text-align: center; font-size: 20px;\"><span style=\"color: #000000;\"><strong>Plads til spisende 150 g\u00e6ster<\/strong>, og endnu flere, hvis du v\u00e6lger et sta\u030aende arrangement. Vi tilbyder fleksible ops\u00e6tninger, der kan tilpasses lige pr\u00e6cis dit behov.<\/span><\/p>\n<p style=\"text-align: center; font-size: 20px;\"><span style=\"color: #000000;\"><strong>Her finder du rummeligt og elegant lokale<\/strong>, der kan tilpasses alt fra sma\u030a intime fester til store events. Uanset om det er bryllup, f\u00f8dselsdag, firmaevent eller konfirmation, s\u00f8rger vi for, at rammen er perfekt. Vores lokaler er designet til at imponere \u2013 med l\u00e6kkert interi\u00f8r, moderne faciliteter og en ops\u00e6tning, der fa\u030ar dig og dine g\u00e6ster til at f\u00f8le jer som stjerner.<\/span><\/p>\n<p style=\"text-align: center; font-size: 20px;\"><strong><span style=\"color: #000000;\">Lidt om os hos Eventbyen Amager:<\/span><\/strong><\/p>\n<p style=\"text-align: center; font-size: 20px;\"><span style=\"color: #000000;\"><strong>14 Simulatorer:<\/strong> Perfekt til teambuilding, sjove konkurrencer eller en ekstra underholdende pause i festen. Giv dine g\u00e6ster muligheden for at udfordre hinanden i golf eller andre sp\u00e6ndende virtuelle oplevelser.<\/span><\/p>\n<p style=\"text-align: center; font-size: 20px;\"><span style=\"color: #000000;\"><strong>Samarbejde med Racket Club Ta\u030arnby og Boulders:<\/strong> \u00d8nsker du endnu flere aktiviteter, ligger vi i samme bygning som Racket Club Ta\u030arnby og Boulders. Her kan du og dine g\u00e6ster pr\u00f8ve kr\u00e6fter med padel og klatring \u2013 perfekt til at kombinere festen med noget aktivt og sjovt!<\/span><\/p>\n<p style=\"text-align: center; font-size: 20px;\"><span style=\"color: #000000;\"><strong>Let tilg\u00e6ngelig placering:<\/strong> Vi ligger t\u00e6t pa\u030a ba\u030ade motorveje og K\u00f8benhavns Lufthavn, hvilket g\u00f8r det nemt for g\u00e6ster fra n\u00e6r og fjern.<\/span><\/p>\n<p style=\"text-align: center; font-size: 20px;\"><span style=\"color: #000000;\"><strong>Professionel eventplanl\u00e6gning:<\/strong> Vores erfarne eventkoordinator s\u00f8rger for, at alt spiller \u2013 fra dekorationer og bordops\u00e6tning til valg af menu og aktiviteter.<\/span><\/p>\n<p style=\"text-align: center; font-size: 20px;\"><span style=\"color: #000000;\"><strong>Mad &amp; drikke<\/strong> &#8211; Smagfulde oplevelser for alle. <\/span><span style=\"color: #000000;\">Hos Eventbyen s\u00f8rger vi for, at maden bliver et h\u00f8jdepunkt til dit arrangement. V\u00e6lg mellem indbydende buffeter eller serverede menuer med fokus pa\u030a kvalitet og smag.<\/span><\/p>\n<p style=\"text-align: center; font-size: 20px;\"><span style=\"color: #000000;\">Vi tilbyder alt fra klassiske retter til delikate sma\u030aanretninger, og vores udvalg af drikkevarer inkluderer ba\u030ade festlige longdrinks og farverige mocktails \u2013 alkoholfri alternativer, der kan nydes af alle. Lad os skabe den perfekte mad- og drikkeoplevelse, der matcher din fest \u2013 enkelt, l\u00e6kkert og uformelt.<\/span><\/p>\n<p style=\"text-align: center; font-size: 20px;\"><span style=\"color: #000000;\">Med offentlig transport lige uden for d\u00f8ren og masser af parkeringsmuligheder er Eventbyen Amager det oplagte valg til en fest, der kombinerer elegance, sjov og bekvemmelighed.<\/span><\/p>\n<\/div>\n<\/div>\n<\/div>\n<\/div>\n<\/div>\n<\/div>\n<p>[\/vc_column_text][vc_empty_space height=&#8221;50px&#8221;][vc_images_carousel images=&#8221;4724,4725,4726,4727&#8243; img_size=&#8221;1300&#215;600&#8243; autoplay=&#8221;yes&#8221; wrap=&#8221;yes&#8221; css=&#8221;&#8221;][\/vc_column][\/vc_row][vc_row row_content_width=&#8221;grid&#8221; css=&#8221;.vc_custom_1579522628016{padding-top: 108px !important;}&#8221;][vc_column]<div class=\"eltdf-section-title-holder  \" style=\"text-align: center\">\n\t<div class=\"eltdf-st-inner\">\n\t\t\t\t\t\t\t<h1 class=\"eltdf-st-title\" style=\"color: #80796c\">\n\t\t\t\tEventbyen Roskilde\t\t\t\t\t\t\t<\/h1>\n\t\t\t\t\t\t\t<h3  class=\"eltdf-st-subtitle\" style=\"margin-top: 3px;text-transform: none;font-style: italic;color: #84847c\">\n\t\t\t\t<span>\n\t\t\t\t\tFest, mad og aktiviteter i hjertet af Roskilde\t\t\t\t\t\t\t\t\t<\/span>\n\t\t\t<\/h3 >\n\t\t\t\t\t\t\t<h4 class=\"eltdf-st-text\" style=\"color: #80796c\">\n\t\t\t\tAdresse: Ro\u2019s Have 12, 4000 Roskilde\t\t\t<\/h4>\n\t\t\t\t\t<\/div>\n<\/div>[vc_empty_space height=&#8221;25px&#8221;][vc_separator color=&#8221;black&#8221; css=&#8221;&#8221;][vc_empty_space height=&#8221;25px&#8221;][vc_column_text css=&#8221;&#8221;]<\/p>\n<div class=\"page\" title=\"Page 2\">\n<div class=\"layoutArea\">\n<div class=\"column\">\n<div class=\"page\" title=\"Page 4\">\n<div class=\"layoutArea\">\n<div class=\"column\">\n<p style=\"text-align: center; font-size: 20px;\"><span style=\"color: #000000;\">Velkommen til Eventbyen Roskilde \u2013 stedet, hvor fest og hygge ga\u030ar ha\u030and i ha\u030and!<\/span><\/p>\n<p style=\"text-align: center; font-size: 20px;\"><span style=\"color: #000000;\">Hos Eventbyen Roskilde tilbyder vi den perfekte ramme for enhver begivenhed, med fleksible lokaler, masser af sjove aktiviteter og skr\u00e6ddersyede madoplevelser, der g\u00f8r din fest til noget s\u00e6rligt. Vores centrale placering og nemme adgang via offentlig transport og parkering g\u00f8r det let for dine g\u00e6ster at komme til og fra, og vi s\u00f8rger for, at din oplevelse bliver fantastisk fra start til slut.<\/span><\/p>\n<p style=\"text-align: center; font-size: 20px;\"><strong><span style=\"color: #000000;\">Lidt om os hos Eventbyen Roskilde:<\/span><\/strong><\/p>\n<p style=\"text-align: center; font-size: 20px;\"><span style=\"color: #000000;\"><strong>Vores lokaler kan rumme op til 150 spisende g\u00e6ster<\/strong>, og endnu flere, hvis du v\u00e6lger et sta\u030aende arrangement. Vi tilbyder fleksible ops\u00e6tninger, der kan tilpasses lige pr\u00e6cis dit behov.<\/span><\/p>\n<p style=\"text-align: center; font-size: 20px;\"><span style=\"color: #000000;\"><strong>Lokalet kan indrettes efter dine \u00f8nsker<\/strong>, hvad enten det drejer sig om en hyggelig middag, et stort firmaevent eller en festlig fejring. Vi tilbyder ogsa\u030a sjove spil og avancerede simulatorer \u2013 med 14 simulatorer har vi noget for enhver smag, fra golf til mange andre sp\u00e6ndende spil og konkurrencer, som er perfekte til at underholde dine g\u00e6ster.<\/span><\/p>\n<p style=\"text-align: center; font-size: 20px;\"><span style=\"color: #000000;\"><strong>For at tilf\u00f8je endnu mere aktivitet til din event<\/strong>, samarbejder vi med City Bowling Roskilde, som ligger kun et \u00f8jekast herfra. Bowling er en sjov og aktiv tilf\u00f8jelse til dit arrangement og er perfekt til ba\u030ade firmaer og private grupper.<\/span><\/p>\n<p style=\"text-align: center; font-size: 20px;\"><span style=\"color: #000000;\"><strong>Na\u030ar det kommer til mad<\/strong>, samarbejder vi med forskellige leverand\u00f8rer for at sikre den bedste madoplevelse til din fest. Uanset om du \u00f8nsker l\u00e6kre buffetmuligheder, en gourmetmiddag eller noget helt andet, hj\u00e6lper vi dig med at finde det perfekte match af mad og drikke, der passer til dit arrangement.<\/span><\/p>\n<p style=\"text-align: center; font-size: 20px;\"><span style=\"color: #000000;\"><strong>Med vores professionelle eventkoordinatorer<\/strong>, smukke ops\u00e6tning og l\u00e6kre cateringmuligheder er vi klar til at skabe den fest, du har dr\u00f8mt om \u2013 og lidt til. Eventbyen Roskilde er det ideelle valg for ba\u030ade private og virksomheders fester, og vi ser frem til at byde dig og dine g\u00e6ster velkommen til en uforglemmelig oplevelse.<\/span><\/p>\n<\/div>\n<\/div>\n<\/div>\n<\/div>\n<\/div>\n<\/div>\n<p>[\/vc_column_text][vc_empty_space height=&#8221;50px&#8221;][vc_images_carousel images=&#8221;4724,4725,4726,4727&#8243; img_size=&#8221;1300&#215;600&#8243; autoplay=&#8221;yes&#8221; wrap=&#8221;yes&#8221; css=&#8221;&#8221;][vc_empty_space height=&#8221;75px&#8221;][\/vc_column][\/vc_row][vc_row row_content_width=&#8221;grid&#8221; css=&#8221;.vc_custom_1575470762206{padding-bottom: 72px !important;}&#8221;][vc_column offset=&#8221;vc_col-lg-4 vc_col-md-12 vc_col-xs-12&#8243;]<div class=\"eltdf-single-image-holder   \">\n    <div class=\"eltdf-si-inner\" >\n                                                            <\/div>\n<\/div>[vc_empty_space height=&#8221;27px&#8221;]<div class=\"eltdf-section-title-holder  \" >\n\t<div class=\"eltdf-st-inner\">\n\t\t\t\t\t\t\t<h3 class=\"eltdf-st-title\" >\n\t\t\t\tPhoto Shooting\t\t\t\t\t\t\t<\/h3>\n\t\t\t\t\t\t\t\t\t<p class=\"eltdf-st-text\" style=\"margin-top: 7px\">\n\t\t\t\tLorem ipsum dolor sit amet, consectetur adipiscing elit. Aenean molestie orci ut nibh\t\t\t<\/p>\n\t\t\t\t\t<\/div>\n<\/div>[vc_empty_space height=&#8221;40px&#8221;][\/vc_column][vc_column offset=&#8221;vc_col-lg-4 vc_col-md-12 vc_col-xs-12&#8243;]<div class=\"eltdf-single-image-holder   \">\n    <div class=\"eltdf-si-inner\" >\n                                                            <\/div>\n<\/div>[vc_empty_space height=&#8221;27px&#8221;]<div class=\"eltdf-section-title-holder  \" >\n\t<div class=\"eltdf-st-inner\">\n\t\t\t\t\t\t\t<h3 class=\"eltdf-st-title\" >\n\t\t\t\tPhoto Editing\t\t\t\t\t\t\t<\/h3>\n\t\t\t\t\t\t\t\t\t<p class=\"eltdf-st-text\" style=\"margin-top: 7px\">\n\t\t\t\tLorem ipsum dolor sit amet, consectetur adipiscing elit. Aenean molestie orci ut nibh\t\t\t<\/p>\n\t\t\t\t\t<\/div>\n<\/div>[vc_empty_space height=&#8221;40px&#8221;][\/vc_column][vc_column offset=&#8221;vc_col-lg-4 vc_col-md-12 vc_col-xs-12&#8243;]<div class=\"eltdf-single-image-holder   \">\n    <div class=\"eltdf-si-inner\" >\n                                                            <\/div>\n<\/div>[vc_empty_space height=&#8221;27px&#8221;]<div class=\"eltdf-section-title-holder  \" >\n\t<div class=\"eltdf-st-inner\">\n\t\t\t\t\t\t\t<h3 class=\"eltdf-st-title\" >\n\t\t\t\tPhoto Exibition\t\t\t\t\t\t\t<\/h3>\n\t\t\t\t\t\t\t\t\t<p class=\"eltdf-st-text\" style=\"margin-top: 7px\">\n\t\t\t\tLorem ipsum dolor sit amet, consectetur adipiscing elit. Aenean molestie orci ut nibh\t\t\t<\/p>\n\t\t\t\t\t<\/div>\n<\/div>[vc_empty_space height=&#8221;40px&#8221;][\/vc_column][\/vc_row][vc_row row_content_width=&#8221;grid&#8221; css=&#8221;.vc_custom_1575471205086{padding-top: 120px !important;padding-bottom: 100px !important;}&#8221;][vc_column]<div class=\"eltdf-section-title-holder  \" style=\"text-align: center\">\n\t<div class=\"eltdf-st-inner\">\n\t\t\t\t\t\t\t<h2 class=\"eltdf-st-title\" >\n\t\t\t\tTestimonials\t\t\t\t\t\t\t<\/h2>\n\t\t\t\t\t\t\t\t\t<\/div>\n<\/div>[vc_empty_space height=&#8221;24px&#8221;]<div class=\"eltdf-testimonials-holder clearfix eltdf-testimonials-simple \">\n    <div class=\"eltdf-testimonials eltdf-owl-slider\" data-enable-loop=\"yes\" data-enable-autoplay=\"yes\" data-slider-speed=\"5000\" data-slider-speed-animation=\"600\" data-enable-navigation=\"no\" data-enable-pagination=\"yes\">\n\n    Sorry, no posts matched your criteria.\n    <\/div>\n<\/div>[\/vc_column][\/vc_row]<\/p>\n<\/div>","protected":false},"excerpt":{"rendered":"<p>[vc_row css=&#8221;.vc_custom_1575381762623{margin-right: 45px !important;margin-left: 45px !important;}&#8221;][vc_column offset=&#8221;vc_hidden-xs&#8221;][\/vc_column][\/vc_row][vc_row row_content_width=&#8221;grid&#8221; css=&#8221;.vc_custom_1579522628016{padding-top: 108px !important;}&#8221;][vc_column][vc_empty_space height=&#8221;25px&#8221;][vc_separator color=&#8221;black&#8221; css=&#8221;&#8221;][vc_empty_space height=&#8221;25px&#8221;][vc_column_text css=&#8221;&#8221;] Velkommen til Eventbyen K\u00f8benhavn \u2013 det perfekte sted til fester og events med lidt ekstra! Beliggende i hjertet af K\u00f8benhavn NV, tilbyder vi moderne og fleksible lokaler til alle slags begivenheder. Uanset om du planl\u00e6gger en fest, et firmaarrangement eller en [&hellip;]<\/p>\n","protected":false},"author":1,"featured_media":0,"parent":0,"menu_order":0,"comment_status":"closed","ping_status":"closed","template":"full-width.php","meta":{"footnotes":""},"class_list":["post-1253","page","type-page","status-publish","hentry"],"_links":{"self":[{"href":"http:\/\/167.235.1.82\/~eventbye\/index.php\/wp-json\/wp\/v2\/pages\/1253","targetHints":{"allow":["GET"]}}],"collection":[{"href":"http:\/\/167.235.1.82\/~eventbye\/index.php\/wp-json\/wp\/v2\/pages"}],"about":[{"href":"http:\/\/167.235.1.82\/~eventbye\/index.php\/wp-json\/wp\/v2\/types\/page"}],"author":[{"embeddable":true,"href":"http:\/\/167.235.1.82\/~eventbye\/index.php\/wp-json\/wp\/v2\/users\/1"}],"replies":[{"embeddable":true,"href":"http:\/\/167.235.1.82\/~eventbye\/index.php\/wp-json\/wp\/v2\/comments?post=1253"}],"version-history":[{"count":41,"href":"http:\/\/167.235.1.82\/~eventbye\/index.php\/wp-json\/wp\/v2\/pages\/1253\/revisions"}],"predecessor-version":[{"id":4759,"href":"http:\/\/167.235.1.82\/~eventbye\/index.php\/wp-json\/wp\/v2\/pages\/1253\/revisions\/4759"}],"wp:attachment":[{"href":"http:\/\/167.235.1.82\/~eventbye\/index.php\/wp-json\/wp\/v2\/media?parent=1253"}],"curies":[{"name":"wp","href":"https:\/\/api.w.org\/{rel}","templated":true}]}}