{"id":4371,"date":"2024-12-26T19:04:06","date_gmt":"2024-12-26T19:04:06","guid":{"rendered":"http:\/\/167.235.1.82\/~eventbye\/?page_id=4371"},"modified":"2025-06-27T10:53:32","modified_gmt":"2025-06-27T10:53:32","slug":"elementor-4371","status":"publish","type":"page","link":"http:\/\/167.235.1.82\/~eventbye\/index.php\/elementor-4371\/","title":{"rendered":"Firmafester"},"content":{"rendered":"\t\t<div data-elementor-type=\"wp-page\" data-elementor-id=\"4371\" class=\"elementor elementor-4371\" data-elementor-post-type=\"page\">\n\t\t\t\t<div class=\"elementor-element elementor-element-f905dbc e-con-full e-flex e-con e-parent\" data-id=\"f905dbc\" data-element_type=\"container\" data-e-type=\"container\">\n\t\t\t\t<div class=\"elementor-element elementor-element-588d10a elementor-widget elementor-widget-heading\" data-id=\"588d10a\" data-element_type=\"widget\" data-e-type=\"widget\" data-widget_type=\"heading.default\">\n\t\t\t\t<div class=\"elementor-widget-container\">\n\t\t\t\t\t<h1 class=\"elementor-heading-title elementor-size-default\">Firmafester<\/h1>\t\t\t\t<\/div>\n\t\t\t\t<\/div>\n\t\t\t\t<div class=\"elementor-element elementor-element-9697faf elementor-widget-divider--view-line elementor-widget elementor-widget-divider\" data-id=\"9697faf\" data-element_type=\"widget\" data-e-type=\"widget\" data-widget_type=\"divider.default\">\n\t\t\t\t<div class=\"elementor-widget-container\">\n\t\t\t\t\t\t\t<div class=\"elementor-divider\">\n\t\t\t<span class=\"elementor-divider-separator\">\n\t\t\t\t\t\t<\/span>\n\t\t<\/div>\n\t\t\t\t\t\t<\/div>\n\t\t\t\t<\/div>\n\t\t<div class=\"elementor-element elementor-element-2085a29 e-con-full e-flex e-con e-child\" data-id=\"2085a29\" data-element_type=\"container\" data-e-type=\"container\">\n\t\t<div class=\"elementor-element elementor-element-17ff435 e-con-full e-flex e-con e-child\" data-id=\"17ff435\" data-element_type=\"container\" data-e-type=\"container\">\n\t\t\t\t<div class=\"elementor-element elementor-element-0063e33 elementor-widget elementor-widget-heading\" data-id=\"0063e33\" data-element_type=\"widget\" data-e-type=\"widget\" data-widget_type=\"heading.default\">\n\t\t\t\t<div class=\"elementor-widget-container\">\n\t\t\t\t\t<h2 class=\"elementor-heading-title elementor-size-default\">Eksklusive firmafester i Eventbyen<\/h2>\t\t\t\t<\/div>\n\t\t\t\t<\/div>\n\t\t\t\t<\/div>\n\t\t\t\t<div class=\"elementor-element elementor-element-77d1d26 elementor-widget elementor-widget-text-editor\" data-id=\"77d1d26\" data-element_type=\"widget\" data-e-type=\"widget\" data-widget_type=\"text-editor.default\">\n\t\t\t\t<div class=\"elementor-widget-container\">\n\t\t\t\t\t\t\t\t\t<div style=\"font-size: 22px; line-height: 1.8;\">\n<p>Giv jeres medarbejdere en uforglemmelig oplevelse og vis, hvor meget I v\u00e6rds\u00e6tter deres indsats, med en skr\u00e6ddersyet firmafest i Eventbyen. Uanset om I \u00f8nsker en elegant julefrokost, en festlig sommerfest eller temaaften, der skaber smil og begejstring, s\u00f8rger vi for at levere en oplevelse ud over det s\u00e6dvanlige.&nbsp;<\/p><p>&nbsp;&nbsp; &nbsp; &nbsp; &nbsp; &nbsp; &nbsp; &nbsp;<\/p>\n<p>Hos Eventbyen ved vi, at glade medarbejdere er n\u00f8glen til en st\u00e6rk virksomhedskultur. Derfor skaber vi rammerne for en aften fyldt med fork\u00e6lelse \u2013 fra uds\u00f8gt gastronomi og stemningsfuld underholdning til sp\u00e6ndende aktiviteter, der samler og styrker f\u00e6llesskabet. Vores fleksible lokaler kan tilpasses jeres behov, og vores erfarne eventplanl\u00e6ggere s\u00f8rger for, at I kan l\u00e6ne jer tilbage og nyde aftenen uden bekymringer.&nbsp; Lad os sammen skabe en firmafest, der b\u00e5de imponerer og motiverer. Kontakt os i dag, og lad os forvandle jeres vision til en uforglemmelig oplevelse.&nbsp; &nbsp;<\/p>\n<\/div>\t\t\t\t\t\t\t\t<\/div>\n\t\t\t\t<\/div>\n\t\t\t\t<\/div>\n\t\t\t\t<div class=\"elementor-element elementor-element-e81ceec elementor-widget-divider--view-line elementor-widget elementor-widget-divider\" data-id=\"e81ceec\" data-element_type=\"widget\" data-e-type=\"widget\" data-widget_type=\"divider.default\">\n\t\t\t\t<div class=\"elementor-widget-container\">\n\t\t\t\t\t\t\t<div class=\"elementor-divider\">\n\t\t\t<span class=\"elementor-divider-separator\">\n\t\t\t\t\t\t<\/span>\n\t\t<\/div>\n\t\t\t\t\t\t<\/div>\n\t\t\t\t<\/div>\n\t\t<div class=\"elementor-element elementor-element-58a3ec5 e-grid e-con-boxed e-con e-child\" data-id=\"58a3ec5\" data-element_type=\"container\" data-e-type=\"container\">\n\t\t\t\t\t<div class=\"e-con-inner\">\n\t\t\t\t<div class=\"elementor-element elementor-element-fe78d6b elementor-widget elementor-widget-image\" data-id=\"fe78d6b\" data-element_type=\"widget\" data-e-type=\"widget\" data-settings=\"{&quot;_animation&quot;:&quot;none&quot;}\" data-widget_type=\"image.default\">\n\t\t\t\t<div class=\"elementor-widget-container\">\n\t\t\t\t\t\t\t\t\t\t\t\t\t\t\t\t<a href=\"https:\/\/167.235.1.82\/~eventbye\/index.php\/sommerfest\/\">\n\t\t\t\t\t\t\t<img fetchpriority=\"high\" decoding=\"async\" width=\"1024\" height=\"576\" src=\"http:\/\/167.235.1.82\/~eventbye\/wp-content\/uploads\/2025\/02\/1-1024x576.png\" class=\"elementor-animation-grow attachment-large size-large wp-image-4972\" alt=\"En gruppe kollegaer fejrer sommeren med drinks og udend\u00f8rs spil hos Eventbyen.\" srcset=\"http:\/\/167.235.1.82\/~eventbye\/wp-content\/uploads\/2025\/02\/1-1024x576.png 1024w, http:\/\/167.235.1.82\/~eventbye\/wp-content\/uploads\/2025\/02\/1-600x338.png 600w, http:\/\/167.235.1.82\/~eventbye\/wp-content\/uploads\/2025\/02\/1-300x169.png 300w, http:\/\/167.235.1.82\/~eventbye\/wp-content\/uploads\/2025\/02\/1-768x432.png 768w, http:\/\/167.235.1.82\/~eventbye\/wp-content\/uploads\/2025\/02\/1-1536x864.png 1536w, http:\/\/167.235.1.82\/~eventbye\/wp-content\/uploads\/2025\/02\/1.png 1920w\" sizes=\"(max-width: 1024px) 100vw, 1024px\" \/>\t\t\t\t\t\t\t\t<\/a>\n\t\t\t\t\t\t\t\t\t\t\t\t\t\t\t<\/div>\n\t\t\t\t<\/div>\n\t\t\t\t<div class=\"elementor-element elementor-element-d9f5f93 elementor-widget elementor-widget-image\" data-id=\"d9f5f93\" data-element_type=\"widget\" data-e-type=\"widget\" data-settings=\"{&quot;_animation&quot;:&quot;none&quot;}\" data-widget_type=\"image.default\">\n\t\t\t\t<div class=\"elementor-widget-container\">\n\t\t\t\t\t\t\t\t\t\t\t\t\t\t\t\t<a href=\"https:\/\/167.235.1.82\/~eventbye\/index.php\/julefrokost\/\">\n\t\t\t\t\t\t\t<img decoding=\"async\" width=\"1024\" height=\"576\" src=\"http:\/\/167.235.1.82\/~eventbye\/wp-content\/uploads\/2025\/02\/3-1024x576.png\" class=\"elementor-animation-grow attachment-large size-large wp-image-4973\" alt=\"Et stemningsfuldt selfie med smilende kollegaer.\" srcset=\"http:\/\/167.235.1.82\/~eventbye\/wp-content\/uploads\/2025\/02\/3-1024x576.png 1024w, http:\/\/167.235.1.82\/~eventbye\/wp-content\/uploads\/2025\/02\/3-600x338.png 600w, http:\/\/167.235.1.82\/~eventbye\/wp-content\/uploads\/2025\/02\/3-300x169.png 300w, http:\/\/167.235.1.82\/~eventbye\/wp-content\/uploads\/2025\/02\/3-768x432.png 768w, http:\/\/167.235.1.82\/~eventbye\/wp-content\/uploads\/2025\/02\/3-1536x864.png 1536w, http:\/\/167.235.1.82\/~eventbye\/wp-content\/uploads\/2025\/02\/3.png 1920w\" sizes=\"(max-width: 1024px) 100vw, 1024px\" \/>\t\t\t\t\t\t\t\t<\/a>\n\t\t\t\t\t\t\t\t\t\t\t\t\t\t\t<\/div>\n\t\t\t\t<\/div>\n\t\t\t\t<div class=\"elementor-element elementor-element-8a68c19 elementor-widget elementor-widget-image\" data-id=\"8a68c19\" data-element_type=\"widget\" data-e-type=\"widget\" data-settings=\"{&quot;_animation&quot;:&quot;none&quot;}\" data-widget_type=\"image.default\">\n\t\t\t\t<div class=\"elementor-widget-container\">\n\t\t\t\t\t\t\t\t\t\t\t\t\t\t\t\t<a href=\"https:\/\/167.235.1.82\/~eventbye\/index.php\/awardshow\/\">\n\t\t\t\t\t\t\t<img decoding=\"async\" width=\"1024\" height=\"576\" src=\"http:\/\/167.235.1.82\/~eventbye\/wp-content\/uploads\/2025\/02\/5-1024x576.png\" class=\"elementor-animation-grow attachment-large size-large wp-image-4974\" alt=\"Kollegaer kl\u00e6dt i festt\u00f8j p\u00e5 den r\u00f8de l\u00f8ber til et awardshow.\" srcset=\"http:\/\/167.235.1.82\/~eventbye\/wp-content\/uploads\/2025\/02\/5-1024x576.png 1024w, http:\/\/167.235.1.82\/~eventbye\/wp-content\/uploads\/2025\/02\/5-600x338.png 600w, http:\/\/167.235.1.82\/~eventbye\/wp-content\/uploads\/2025\/02\/5-300x169.png 300w, http:\/\/167.235.1.82\/~eventbye\/wp-content\/uploads\/2025\/02\/5-768x432.png 768w, http:\/\/167.235.1.82\/~eventbye\/wp-content\/uploads\/2025\/02\/5-1536x864.png 1536w, http:\/\/167.235.1.82\/~eventbye\/wp-content\/uploads\/2025\/02\/5.png 1920w\" sizes=\"(max-width: 1024px) 100vw, 1024px\" \/>\t\t\t\t\t\t\t\t<\/a>\n\t\t\t\t\t\t\t\t\t\t\t\t\t\t\t<\/div>\n\t\t\t\t<\/div>\n\t\t\t\t<div class=\"elementor-element elementor-element-2a9c9c6 elementor-widget elementor-widget-image\" data-id=\"2a9c9c6\" data-element_type=\"widget\" data-e-type=\"widget\" data-settings=\"{&quot;_animation&quot;:&quot;none&quot;}\" data-widget_type=\"image.default\">\n\t\t\t\t<div class=\"elementor-widget-container\">\n\t\t\t\t\t\t\t\t\t\t\t\t\t\t\t\t<a href=\"https:\/\/167.235.1.82\/~eventbye\/index.php\/firma-jubilaeum\/\">\n\t\t\t\t\t\t\t<img loading=\"lazy\" decoding=\"async\" width=\"1024\" height=\"576\" src=\"http:\/\/167.235.1.82\/~eventbye\/wp-content\/uploads\/2025\/02\/7-1024x576.png\" class=\"elementor-animation-grow attachment-large size-large wp-image-4975\" alt=\"En virksomhed fejrer jubil\u00e6um med festligt pyntede lokaler og kollegaer.\" srcset=\"http:\/\/167.235.1.82\/~eventbye\/wp-content\/uploads\/2025\/02\/7-1024x576.png 1024w, http:\/\/167.235.1.82\/~eventbye\/wp-content\/uploads\/2025\/02\/7-600x338.png 600w, http:\/\/167.235.1.82\/~eventbye\/wp-content\/uploads\/2025\/02\/7-300x169.png 300w, http:\/\/167.235.1.82\/~eventbye\/wp-content\/uploads\/2025\/02\/7-768x432.png 768w, http:\/\/167.235.1.82\/~eventbye\/wp-content\/uploads\/2025\/02\/7-1536x864.png 1536w, http:\/\/167.235.1.82\/~eventbye\/wp-content\/uploads\/2025\/02\/7.png 1920w\" sizes=\"(max-width: 1024px) 100vw, 1024px\" \/>\t\t\t\t\t\t\t\t<\/a>\n\t\t\t\t\t\t\t\t\t\t\t\t\t\t\t<\/div>\n\t\t\t\t<\/div>\n\t\t\t\t<div class=\"elementor-element elementor-element-18a3d94 elementor-widget elementor-widget-image\" data-id=\"18a3d94\" data-element_type=\"widget\" data-e-type=\"widget\" data-settings=\"{&quot;_animation&quot;:&quot;none&quot;}\" data-widget_type=\"image.default\">\n\t\t\t\t<div class=\"elementor-widget-container\">\n\t\t\t\t\t\t\t\t\t\t\t\t\t\t\t\t<a href=\"https:\/\/167.235.1.82\/~eventbye\/index.php\/teambuilding-m-fest\/\">\n\t\t\t\t\t\t\t<img loading=\"lazy\" decoding=\"async\" width=\"1024\" height=\"576\" src=\"http:\/\/167.235.1.82\/~eventbye\/wp-content\/uploads\/2025\/02\/9-1024x576.png\" class=\"elementor-animation-grow attachment-large size-large wp-image-4976\" alt=\"Et team arbejder sammen om en aktivitet og afslutter med en festlig middag.\" srcset=\"http:\/\/167.235.1.82\/~eventbye\/wp-content\/uploads\/2025\/02\/9-1024x576.png 1024w, http:\/\/167.235.1.82\/~eventbye\/wp-content\/uploads\/2025\/02\/9-600x338.png 600w, http:\/\/167.235.1.82\/~eventbye\/wp-content\/uploads\/2025\/02\/9-300x169.png 300w, http:\/\/167.235.1.82\/~eventbye\/wp-content\/uploads\/2025\/02\/9-768x432.png 768w, http:\/\/167.235.1.82\/~eventbye\/wp-content\/uploads\/2025\/02\/9-1536x864.png 1536w, http:\/\/167.235.1.82\/~eventbye\/wp-content\/uploads\/2025\/02\/9.png 1920w\" sizes=\"(max-width: 1024px) 100vw, 1024px\" \/>\t\t\t\t\t\t\t\t<\/a>\n\t\t\t\t\t\t\t\t\t\t\t\t\t\t\t<\/div>\n\t\t\t\t<\/div>\n\t\t\t\t<div class=\"elementor-element elementor-element-cf91db6 elementor-widget elementor-widget-image\" data-id=\"cf91db6\" data-element_type=\"widget\" data-e-type=\"widget\" data-settings=\"{&quot;_animation&quot;:&quot;none&quot;}\" data-widget_type=\"image.default\">\n\t\t\t\t<div class=\"elementor-widget-container\">\n\t\t\t\t\t\t\t\t\t\t\t\t\t\t\t\t<a href=\"https:\/\/167.235.1.82\/~eventbye\/index.php\/temafest\/\">\n\t\t\t\t\t\t\t<img loading=\"lazy\" decoding=\"async\" width=\"1024\" height=\"576\" src=\"http:\/\/167.235.1.82\/~eventbye\/wp-content\/uploads\/2025\/02\/11-1024x576.png\" class=\"elementor-animation-grow attachment-large size-large wp-image-4977\" alt=\"Festdeltagere kl\u00e6dt i kostumer til en farverig temafest.\" srcset=\"http:\/\/167.235.1.82\/~eventbye\/wp-content\/uploads\/2025\/02\/11-1024x576.png 1024w, http:\/\/167.235.1.82\/~eventbye\/wp-content\/uploads\/2025\/02\/11-600x338.png 600w, http:\/\/167.235.1.82\/~eventbye\/wp-content\/uploads\/2025\/02\/11-300x169.png 300w, http:\/\/167.235.1.82\/~eventbye\/wp-content\/uploads\/2025\/02\/11-768x432.png 768w, http:\/\/167.235.1.82\/~eventbye\/wp-content\/uploads\/2025\/02\/11-1536x864.png 1536w, http:\/\/167.235.1.82\/~eventbye\/wp-content\/uploads\/2025\/02\/11.png 1920w\" sizes=\"(max-width: 1024px) 100vw, 1024px\" \/>\t\t\t\t\t\t\t\t<\/a>\n\t\t\t\t\t\t\t\t\t\t\t\t\t\t\t<\/div>\n\t\t\t\t<\/div>\n\t\t\t\t\t<\/div>\n\t\t\t\t<\/div>\n\t\t\t\t<\/div>\n\t\t\t\t<\/div>\n\t\t","protected":false},"excerpt":{"rendered":"<p>Firmafester Eksklusive firmafester i Eventbyen Giv jeres medarbejdere en uforglemmelig oplevelse og vis, hvor meget I v\u00e6rds\u00e6tter deres indsats, med en skr\u00e6ddersyet firmafest i Eventbyen. Uanset om I \u00f8nsker en elegant julefrokost, en festlig sommerfest eller temaaften, der skaber smil og begejstring, s\u00f8rger vi for at levere en oplevelse ud over det s\u00e6dvanlige.&nbsp; &nbsp;&nbsp; &nbsp; &nbsp; &nbsp; [&hellip;]<\/p>\n","protected":false},"author":1,"featured_media":4520,"parent":0,"menu_order":0,"comment_status":"closed","ping_status":"closed","template":"","meta":{"footnotes":""},"class_list":["post-4371","page","type-page","status-publish","has-post-thumbnail","hentry"],"_links":{"self":[{"href":"http:\/\/167.235.1.82\/~eventbye\/index.php\/wp-json\/wp\/v2\/pages\/4371","targetHints":{"allow":["GET"]}}],"collection":[{"href":"http:\/\/167.235.1.82\/~eventbye\/index.php\/wp-json\/wp\/v2\/pages"}],"about":[{"href":"http:\/\/167.235.1.82\/~eventbye\/index.php\/wp-json\/wp\/v2\/types\/page"}],"author":[{"embeddable":true,"href":"http:\/\/167.235.1.82\/~eventbye\/index.php\/wp-json\/wp\/v2\/users\/1"}],"replies":[{"embeddable":true,"href":"http:\/\/167.235.1.82\/~eventbye\/index.php\/wp-json\/wp\/v2\/comments?post=4371"}],"version-history":[{"count":91,"href":"http:\/\/167.235.1.82\/~eventbye\/index.php\/wp-json\/wp\/v2\/pages\/4371\/revisions"}],"predecessor-version":[{"id":5878,"href":"http:\/\/167.235.1.82\/~eventbye\/index.php\/wp-json\/wp\/v2\/pages\/4371\/revisions\/5878"}],"wp:featuredmedia":[{"embeddable":true,"href":"http:\/\/167.235.1.82\/~eventbye\/index.php\/wp-json\/wp\/v2\/media\/4520"}],"wp:attachment":[{"href":"http:\/\/167.235.1.82\/~eventbye\/index.php\/wp-json\/wp\/v2\/media?parent=4371"}],"curies":[{"name":"wp","href":"https:\/\/api.w.org\/{rel}","templated":true}]}}