{"id":4402,"date":"2024-12-27T16:19:23","date_gmt":"2024-12-27T16:19:23","guid":{"rendered":"http:\/\/167.235.1.82\/~eventbye\/?page_id=4402"},"modified":"2025-06-30T09:16:05","modified_gmt":"2025-06-30T09:16:05","slug":"privatfest","status":"publish","type":"page","link":"http:\/\/167.235.1.82\/~eventbye\/index.php\/privatfest\/","title":{"rendered":"Privatfester"},"content":{"rendered":"\t\t<div data-elementor-type=\"wp-page\" data-elementor-id=\"4402\" class=\"elementor elementor-4402\" data-elementor-post-type=\"page\">\n\t\t\t\t<div class=\"elementor-element elementor-element-6d70956 e-flex e-con-boxed e-con e-parent\" data-id=\"6d70956\" data-element_type=\"container\" data-e-type=\"container\">\n\t\t\t\t\t<div class=\"e-con-inner\">\n\t\t\t\t<div class=\"elementor-element elementor-element-98f7ec4 elementor-widget elementor-widget-heading\" data-id=\"98f7ec4\" data-element_type=\"widget\" data-e-type=\"widget\" data-widget_type=\"heading.default\">\n\t\t\t\t<div class=\"elementor-widget-container\">\n\t\t\t\t\t<h1 class=\"elementor-heading-title elementor-size-default\">Privatfester<\/h1>\t\t\t\t<\/div>\n\t\t\t\t<\/div>\n\t\t\t\t<div class=\"elementor-element elementor-element-c5f7fb9 elementor-widget-divider--view-line elementor-widget elementor-widget-divider\" data-id=\"c5f7fb9\" data-element_type=\"widget\" data-e-type=\"widget\" data-widget_type=\"divider.default\">\n\t\t\t\t<div class=\"elementor-widget-container\">\n\t\t\t\t\t\t\t<div class=\"elementor-divider\">\n\t\t\t<span class=\"elementor-divider-separator\">\n\t\t\t\t\t\t<\/span>\n\t\t<\/div>\n\t\t\t\t\t\t<\/div>\n\t\t\t\t<\/div>\n\t\t\t\t\t<\/div>\n\t\t\t\t<\/div>\n\t\t<div class=\"elementor-element elementor-element-99e4607 e-flex e-con-boxed e-con e-parent\" data-id=\"99e4607\" data-element_type=\"container\" data-e-type=\"container\">\n\t\t\t\t\t<div class=\"e-con-inner\">\n\t\t\t\t<div class=\"elementor-element elementor-element-9ff4460 elementor-widget elementor-widget-heading\" data-id=\"9ff4460\" data-element_type=\"widget\" data-e-type=\"widget\" data-widget_type=\"heading.default\">\n\t\t\t\t<div class=\"elementor-widget-container\">\n\t\t\t\t\t<h2 class=\"elementor-heading-title elementor-size-default\">Privatfester i Eventbyen <br>\n<br>Fejr livets store \u00f8jeblikke med stil<br>\n<br><\/h2>\t\t\t\t<\/div>\n\t\t\t\t<\/div>\n\t\t<div class=\"elementor-element elementor-element-3a42314 e-con-full e-flex e-con e-child\" data-id=\"3a42314\" data-element_type=\"container\" data-e-type=\"container\">\n\t\t\t\t<div class=\"elementor-element elementor-element-9b7dd8c elementor-widget elementor-widget-text-editor\" data-id=\"9b7dd8c\" data-element_type=\"widget\" data-e-type=\"widget\" data-widget_type=\"text-editor.default\">\n\t\t\t\t<div class=\"elementor-widget-container\">\n\t\t\t\t\t\t\t\t\t<p style=\"text-align: center;\">Giv dine g\u00e6ster en uforglemmelig oplevelse og skab minder for livet med en skr\u00e6ddersyet privatfest i Eventbyen. Uanset om du planl\u00e6gger en elegant f\u00f8dselsdag, et storsl\u00e5et jubil\u00e6um, en livlig temafest eller en romantisk bryllupsfest, s\u00f8rger vi for at levere en oplevelse ud over det s\u00e6dvanlige.Hos Eventbyen ved vi, at en vellykket fest handler om de sm\u00e5 detaljer og den rette stemning.<\/p><p style=\"text-align: center;\">Derfor skaber vi rammerne for en aften fyldt med fork\u00e6lelse \u2013 fra uds\u00f8gt gastronomi og stemningsfuld underholdning til sp\u00e6ndende aktiviteter, der samler dine g\u00e6ster og l\u00f8fter festen til nye h\u00f8jder. Vores fleksible lokaler kan tilpasses dine \u00f8nsker, og vores erfarne eventplanl\u00e6ggere s\u00f8rger for, at du kan nyde aftenen uden bekymringer.<\/p>\t\t\t\t\t\t\t\t<\/div>\n\t\t\t\t<\/div>\n\t\t\t\t<\/div>\n\t\t\t\t<div class=\"elementor-element elementor-element-5b394b3 elementor-widget-divider--view-line elementor-widget elementor-widget-divider\" data-id=\"5b394b3\" data-element_type=\"widget\" data-e-type=\"widget\" data-widget_type=\"divider.default\">\n\t\t\t\t<div class=\"elementor-widget-container\">\n\t\t\t\t\t\t\t<div class=\"elementor-divider\">\n\t\t\t<span class=\"elementor-divider-separator\">\n\t\t\t\t\t\t<\/span>\n\t\t<\/div>\n\t\t\t\t\t\t<\/div>\n\t\t\t\t<\/div>\n\t\t\t\t\t<\/div>\n\t\t\t\t<\/div>\n\t\t<div class=\"elementor-element elementor-element-fb77660 e-grid e-con-boxed e-con e-parent\" data-id=\"fb77660\" data-element_type=\"container\" data-e-type=\"container\">\n\t\t\t\t\t<div class=\"e-con-inner\">\n\t\t\t\t<div class=\"elementor-element elementor-element-f86adfd elementor-widget elementor-widget-image\" data-id=\"f86adfd\" data-element_type=\"widget\" data-e-type=\"widget\" data-settings=\"{&quot;_animation&quot;:&quot;none&quot;}\" data-widget_type=\"image.default\">\n\t\t\t\t<div class=\"elementor-widget-container\">\n\t\t\t\t\t\t\t\t\t\t\t\t\t\t\t\t<a href=\"http:\/\/167.235.1.82\/~eventbye\/index.php\/polterabend\/\">\n\t\t\t\t\t\t\t<img fetchpriority=\"high\" decoding=\"async\" width=\"1024\" height=\"576\" src=\"http:\/\/167.235.1.82\/~eventbye\/wp-content\/uploads\/2025\/02\/13-1024x576.png\" class=\"elementor-animation-grow attachment-large size-large wp-image-4978\" alt=\"En gruppe venner fejrer bruden eller gommen med sjove aktiviteter.\" srcset=\"http:\/\/167.235.1.82\/~eventbye\/wp-content\/uploads\/2025\/02\/13-1024x576.png 1024w, http:\/\/167.235.1.82\/~eventbye\/wp-content\/uploads\/2025\/02\/13-600x338.png 600w, http:\/\/167.235.1.82\/~eventbye\/wp-content\/uploads\/2025\/02\/13-300x169.png 300w, http:\/\/167.235.1.82\/~eventbye\/wp-content\/uploads\/2025\/02\/13-768x432.png 768w, http:\/\/167.235.1.82\/~eventbye\/wp-content\/uploads\/2025\/02\/13-1536x864.png 1536w, http:\/\/167.235.1.82\/~eventbye\/wp-content\/uploads\/2025\/02\/13.png 1920w\" sizes=\"(max-width: 1024px) 100vw, 1024px\" \/>\t\t\t\t\t\t\t\t<\/a>\n\t\t\t\t\t\t\t\t\t\t\t\t\t\t\t<\/div>\n\t\t\t\t<\/div>\n\t\t\t\t<div class=\"elementor-element elementor-element-f054d66 elementor-widget elementor-widget-image\" data-id=\"f054d66\" data-element_type=\"widget\" data-e-type=\"widget\" data-settings=\"{&quot;_animation&quot;:&quot;none&quot;}\" data-widget_type=\"image.default\">\n\t\t\t\t<div class=\"elementor-widget-container\">\n\t\t\t\t\t\t\t\t\t\t\t\t\t\t\t\t<a href=\"http:\/\/167.235.1.82\/~eventbye\/index.php\/foedselsdagsfest\/\">\n\t\t\t\t\t\t\t<img decoding=\"async\" width=\"1024\" height=\"576\" src=\"http:\/\/167.235.1.82\/~eventbye\/wp-content\/uploads\/2025\/02\/15-1024x576.png\" class=\"elementor-animation-grow attachment-large size-large wp-image-4979\" alt=\"En festlig f\u00f8dselsdag med balloner, kage og glade g\u00e6ster.\" srcset=\"http:\/\/167.235.1.82\/~eventbye\/wp-content\/uploads\/2025\/02\/15-1024x576.png 1024w, http:\/\/167.235.1.82\/~eventbye\/wp-content\/uploads\/2025\/02\/15-600x338.png 600w, http:\/\/167.235.1.82\/~eventbye\/wp-content\/uploads\/2025\/02\/15-300x169.png 300w, http:\/\/167.235.1.82\/~eventbye\/wp-content\/uploads\/2025\/02\/15-768x432.png 768w, http:\/\/167.235.1.82\/~eventbye\/wp-content\/uploads\/2025\/02\/15-1536x864.png 1536w, http:\/\/167.235.1.82\/~eventbye\/wp-content\/uploads\/2025\/02\/15.png 1920w\" sizes=\"(max-width: 1024px) 100vw, 1024px\" \/>\t\t\t\t\t\t\t\t<\/a>\n\t\t\t\t\t\t\t\t\t\t\t\t\t\t\t<\/div>\n\t\t\t\t<\/div>\n\t\t\t\t<div class=\"elementor-element elementor-element-987b210 elementor-widget elementor-widget-image\" data-id=\"987b210\" data-element_type=\"widget\" data-e-type=\"widget\" data-settings=\"{&quot;_animation&quot;:&quot;none&quot;}\" data-widget_type=\"image.default\">\n\t\t\t\t<div class=\"elementor-widget-container\">\n\t\t\t\t\t\t\t\t\t\t\t\t\t\t\t\t<a href=\"http:\/\/167.235.1.82\/~eventbye\/index.php\/bryllupsfest\/\">\n\t\t\t\t\t\t\t<img decoding=\"async\" width=\"1024\" height=\"576\" src=\"http:\/\/167.235.1.82\/~eventbye\/wp-content\/uploads\/2025\/02\/17-1024x576.png\" class=\"elementor-animation-grow attachment-large size-large wp-image-4980\" alt=\"Et brudepar danser under romantisk belysning.\" srcset=\"http:\/\/167.235.1.82\/~eventbye\/wp-content\/uploads\/2025\/02\/17-1024x576.png 1024w, http:\/\/167.235.1.82\/~eventbye\/wp-content\/uploads\/2025\/02\/17-600x338.png 600w, http:\/\/167.235.1.82\/~eventbye\/wp-content\/uploads\/2025\/02\/17-300x169.png 300w, http:\/\/167.235.1.82\/~eventbye\/wp-content\/uploads\/2025\/02\/17-768x432.png 768w, http:\/\/167.235.1.82\/~eventbye\/wp-content\/uploads\/2025\/02\/17-1536x864.png 1536w, http:\/\/167.235.1.82\/~eventbye\/wp-content\/uploads\/2025\/02\/17.png 1920w\" sizes=\"(max-width: 1024px) 100vw, 1024px\" \/>\t\t\t\t\t\t\t\t<\/a>\n\t\t\t\t\t\t\t\t\t\t\t\t\t\t\t<\/div>\n\t\t\t\t<\/div>\n\t\t\t\t<div class=\"elementor-element elementor-element-38f0eae elementor-widget elementor-widget-image\" data-id=\"38f0eae\" data-element_type=\"widget\" data-e-type=\"widget\" data-settings=\"{&quot;_animation&quot;:&quot;none&quot;}\" data-widget_type=\"image.default\">\n\t\t\t\t<div class=\"elementor-widget-container\">\n\t\t\t\t\t\t\t\t\t\t\t\t\t\t\t\t<a href=\"http:\/\/167.235.1.82\/~eventbye\/index.php\/konfirmationsfest\/\">\n\t\t\t\t\t\t\t<img loading=\"lazy\" decoding=\"async\" width=\"1024\" height=\"576\" src=\"http:\/\/167.235.1.82\/~eventbye\/wp-content\/uploads\/2025\/02\/19-1024x576.png\" class=\"elementor-animation-grow attachment-large size-large wp-image-4981\" alt=\"En konfirmand omgivet af familie og venner ved et pyntet bord.\" srcset=\"http:\/\/167.235.1.82\/~eventbye\/wp-content\/uploads\/2025\/02\/19-1024x576.png 1024w, http:\/\/167.235.1.82\/~eventbye\/wp-content\/uploads\/2025\/02\/19-600x338.png 600w, http:\/\/167.235.1.82\/~eventbye\/wp-content\/uploads\/2025\/02\/19-300x169.png 300w, http:\/\/167.235.1.82\/~eventbye\/wp-content\/uploads\/2025\/02\/19-768x432.png 768w, http:\/\/167.235.1.82\/~eventbye\/wp-content\/uploads\/2025\/02\/19-1536x864.png 1536w, http:\/\/167.235.1.82\/~eventbye\/wp-content\/uploads\/2025\/02\/19.png 1920w\" sizes=\"(max-width: 1024px) 100vw, 1024px\" \/>\t\t\t\t\t\t\t\t<\/a>\n\t\t\t\t\t\t\t\t\t\t\t\t\t\t\t<\/div>\n\t\t\t\t<\/div>\n\t\t\t\t<div class=\"elementor-element elementor-element-b7c42f5 elementor-widget elementor-widget-image\" data-id=\"b7c42f5\" data-element_type=\"widget\" data-e-type=\"widget\" data-settings=\"{&quot;_animation&quot;:&quot;none&quot;}\" data-widget_type=\"image.default\">\n\t\t\t\t<div class=\"elementor-widget-container\">\n\t\t\t\t\t\t\t\t\t\t\t\t\t\t\t\t<a href=\"http:\/\/167.235.1.82\/~eventbye\/index.php\/barnedaab-navngivningsfest\/\">\n\t\t\t\t\t\t\t<img loading=\"lazy\" decoding=\"async\" width=\"1024\" height=\"576\" src=\"http:\/\/167.235.1.82\/~eventbye\/wp-content\/uploads\/2025\/02\/21-1-1024x576.png\" class=\"elementor-animation-grow attachment-large size-large wp-image-4982\" alt=\"En pyntet sal til barned\u00e5b med smukke dekorationer og familie samlet.\" srcset=\"http:\/\/167.235.1.82\/~eventbye\/wp-content\/uploads\/2025\/02\/21-1-1024x576.png 1024w, http:\/\/167.235.1.82\/~eventbye\/wp-content\/uploads\/2025\/02\/21-1-600x338.png 600w, http:\/\/167.235.1.82\/~eventbye\/wp-content\/uploads\/2025\/02\/21-1-300x169.png 300w, http:\/\/167.235.1.82\/~eventbye\/wp-content\/uploads\/2025\/02\/21-1-768x432.png 768w, http:\/\/167.235.1.82\/~eventbye\/wp-content\/uploads\/2025\/02\/21-1-1536x864.png 1536w, http:\/\/167.235.1.82\/~eventbye\/wp-content\/uploads\/2025\/02\/21-1.png 1920w\" sizes=\"(max-width: 1024px) 100vw, 1024px\" \/>\t\t\t\t\t\t\t\t<\/a>\n\t\t\t\t\t\t\t\t\t\t\t\t\t\t\t<\/div>\n\t\t\t\t<\/div>\n\t\t\t\t\t<\/div>\n\t\t\t\t<\/div>\n\t\t\t\t<\/div>\n\t\t","protected":false},"excerpt":{"rendered":"<p>Privatfester Privatfester i Eventbyen Fejr livets store \u00f8jeblikke med stil Giv dine g\u00e6ster en uforglemmelig oplevelse og skab minder for livet med en skr\u00e6ddersyet privatfest i Eventbyen. Uanset om du planl\u00e6gger en elegant f\u00f8dselsdag, et storsl\u00e5et jubil\u00e6um, en livlig temafest eller en romantisk bryllupsfest, s\u00f8rger vi for at levere en oplevelse ud over det s\u00e6dvanlige.Hos Eventbyen ved [&hellip;]<\/p>\n","protected":false},"author":1,"featured_media":0,"parent":0,"menu_order":0,"comment_status":"closed","ping_status":"closed","template":"","meta":{"footnotes":""},"class_list":["post-4402","page","type-page","status-publish","hentry"],"_links":{"self":[{"href":"http:\/\/167.235.1.82\/~eventbye\/index.php\/wp-json\/wp\/v2\/pages\/4402","targetHints":{"allow":["GET"]}}],"collection":[{"href":"http:\/\/167.235.1.82\/~eventbye\/index.php\/wp-json\/wp\/v2\/pages"}],"about":[{"href":"http:\/\/167.235.1.82\/~eventbye\/index.php\/wp-json\/wp\/v2\/types\/page"}],"author":[{"embeddable":true,"href":"http:\/\/167.235.1.82\/~eventbye\/index.php\/wp-json\/wp\/v2\/users\/1"}],"replies":[{"embeddable":true,"href":"http:\/\/167.235.1.82\/~eventbye\/index.php\/wp-json\/wp\/v2\/comments?post=4402"}],"version-history":[{"count":55,"href":"http:\/\/167.235.1.82\/~eventbye\/index.php\/wp-json\/wp\/v2\/pages\/4402\/revisions"}],"predecessor-version":[{"id":5800,"href":"http:\/\/167.235.1.82\/~eventbye\/index.php\/wp-json\/wp\/v2\/pages\/4402\/revisions\/5800"}],"wp:attachment":[{"href":"http:\/\/167.235.1.82\/~eventbye\/index.php\/wp-json\/wp\/v2\/media?parent=4402"}],"curies":[{"name":"wp","href":"https:\/\/api.w.org\/{rel}","templated":true}]}}