{"id":5034,"date":"2025-02-10T08:13:34","date_gmt":"2025-02-10T08:13:34","guid":{"rendered":"http:\/\/167.235.1.82\/~eventbye\/?page_id=5034"},"modified":"2025-06-09T11:21:32","modified_gmt":"2025-06-09T11:21:32","slug":"eventbyen-amager","status":"publish","type":"page","link":"http:\/\/167.235.1.82\/~eventbye\/index.php\/eventbyen-amager\/","title":{"rendered":"Eventbyen Amager"},"content":{"rendered":"\t\t<div data-elementor-type=\"wp-post\" data-elementor-id=\"5034\" class=\"elementor elementor-5034\" data-elementor-post-type=\"page\">\n\t\t\t\t<div class=\"elementor-element elementor-element-60107d3 e-flex e-con-boxed e-con e-parent\" data-id=\"60107d3\" data-element_type=\"container\" data-e-type=\"container\" data-settings=\"{&quot;background_background&quot;:&quot;classic&quot;}\">\n\t\t\t\t\t<div class=\"e-con-inner\">\n\t\t\t\t<div class=\"elementor-element elementor-element-af38818 elementor-widget-divider--view-line elementor-widget elementor-widget-divider\" data-id=\"af38818\" data-element_type=\"widget\" data-e-type=\"widget\" data-widget_type=\"divider.default\">\n\t\t\t\t<div class=\"elementor-widget-container\">\n\t\t\t\t\t\t\t<div class=\"elementor-divider\">\n\t\t\t<span class=\"elementor-divider-separator\">\n\t\t\t\t\t\t<\/span>\n\t\t<\/div>\n\t\t\t\t\t\t<\/div>\n\t\t\t\t<\/div>\n\t\t\t\t<div class=\"elementor-element elementor-element-645de7d elementor-widget elementor-widget-heading\" data-id=\"645de7d\" data-element_type=\"widget\" data-e-type=\"widget\" data-widget_type=\"heading.default\">\n\t\t\t\t<div class=\"elementor-widget-container\">\n\t\t\t\t\t<h1 class=\"elementor-heading-title elementor-size-default\">Eventbyen Amager<\/h1>\t\t\t\t<\/div>\n\t\t\t\t<\/div>\n\t\t\t\t<div class=\"elementor-element elementor-element-3963e7e elementor-widget elementor-widget-heading\" data-id=\"3963e7e\" data-element_type=\"widget\" data-e-type=\"widget\" data-widget_type=\"heading.default\">\n\t\t\t\t<div class=\"elementor-widget-container\">\n\t\t\t\t\t<h3 class=\"elementor-heading-title elementor-size-default\">Hvor festen letter!<\/h3>\t\t\t\t<\/div>\n\t\t\t\t<\/div>\n\t\t\t\t<div class=\"elementor-element elementor-element-c953b9f elementor-widget elementor-widget-heading\" data-id=\"c953b9f\" data-element_type=\"widget\" data-e-type=\"widget\" data-widget_type=\"heading.default\">\n\t\t\t\t<div class=\"elementor-widget-container\">\n\t\t\t\t\t<h3 class=\"elementor-heading-title elementor-size-default\">Adresse: Amagerlandevej 233, Flyverbyen, 2770 Kastrup\n<\/h3>\t\t\t\t<\/div>\n\t\t\t\t<\/div>\n\t\t\t\t<div class=\"elementor-element elementor-element-ff21bbd elementor-widget-divider--view-line elementor-widget elementor-widget-divider\" data-id=\"ff21bbd\" data-element_type=\"widget\" data-e-type=\"widget\" data-widget_type=\"divider.default\">\n\t\t\t\t<div class=\"elementor-widget-container\">\n\t\t\t\t\t\t\t<div class=\"elementor-divider\">\n\t\t\t<span class=\"elementor-divider-separator\">\n\t\t\t\t\t\t<\/span>\n\t\t<\/div>\n\t\t\t\t\t\t<\/div>\n\t\t\t\t<\/div>\n\t\t<div class=\"elementor-element elementor-element-6b4995e e-con-full e-flex e-con e-child\" data-id=\"6b4995e\" data-element_type=\"container\" data-e-type=\"container\">\n\t\t\t\t<div class=\"elementor-element elementor-element-70b16f4 elementor-widget elementor-widget-text-editor\" data-id=\"70b16f4\" data-element_type=\"widget\" data-e-type=\"widget\" data-widget_type=\"text-editor.default\">\n\t\t\t\t<div class=\"elementor-widget-container\">\n\t\t\t\t\t\t\t\t\t<div style=\"font-size: 22px; line-height: 1.8;\"><p>Velkommen til Eventbyen Amager \u2013 et sted, der fa\u030ar din fest til at tage flyveh\u00f8jde! Beliggende i Flyverbyen t\u00e6t pa\u030a K\u00f8benhavns Lufthavn tilbyder vi en unik kombination af stil, komfort og sjove aktiviteter, alt sammen samlet under e\u0301t tag.<\/p><p><strong style=\"font-weight: bold;\">Lidt om os hos Eventbyen Amager:<\/strong><\/p><p>Plads til 150 spisende g\u00e6ster, og endnu flere, hvis du v\u00e6lger et sta\u030aende arrangement. Vi tilbyder fleksible ops\u00e6tninger, der kan tilpasses lige pr\u00e6cis dit behov.<br \/>Her finder du rummeligt og elegant lokale, der kan tilpasses alt fra sma\u030a intime fester til store events. Uanset om det er bryllup, f\u00f8dselsdag, firmaevent eller konfirmation, s\u00f8rger vi for, at rammen er perfekt. Vores lokaler er designet til at imponere \u2013 med l\u00e6kkert interi\u00f8r, moderne faciliteter og en ops\u00e6tning, der fa\u030ar dig og dine g\u00e6ster til at f\u00f8le jer som stjerner.<\/p><p><span style=\"background-color: #fbf6f2;\">Professionel eventplanl\u00e6gning:\u00a0Vores erfarne eventkoordinator s\u00f8rger for, at alt spiller \u2013 fra dekorationer og bordops\u00e6tning til valg af menu og aktiviteter.<\/span><\/p><p><strong style=\"font-weight: bold;\">Aktiviteter:<\/strong><\/p><p>14 Trackman simulatorer som er perfekt til teambuilding, sjove konkurrencer eller en ekstra underholdende pause i festen. Giv dine g\u00e6ster muligheden for at udfordre hinanden i golf eller andre sp\u00e6ndende virtuelle oplevelser.<\/p><p>Samarbejde med Racket Club Ta\u030arnby og Boulders:\u00a0\u00d8nsker du endnu flere aktiviteter, ligger vi i samme bygning som Racket Club Ta\u030arnby og Boulders. Her kan du og dine g\u00e6ster pr\u00f8ve kr\u00e6fter med padel og klatring \u2013 perfekt til at kombinere festen med noget aktivt og sjovt!<\/p><p><strong style=\"font-weight: bold;\">Mad &amp; drikke\u00a0\u2013 Smagfulde oplevelser for alle.<\/strong><\/p><p>Mad &amp; drikke\u00a0\u2013 Smagfulde oplevelser for alle.\u00a0Hos Eventbyen s\u00f8rger vi for, at maden bliver et h\u00f8jdepunkt til dit arrangement. V\u00e6lg mellem indbydende buffeter eller serverede menuer med fokus pa\u030a kvalitet og smag.<br \/>Vi tilbyder alt fra klassiske retter til delikate sma\u030aanretninger, og vores udvalg af drikkevarer inkluderer ba\u030ade festlige longdrinks og farverige mocktails \u2013 alkoholfri alternativer, der kan nydes af alle. Lad os skabe den perfekte mad- og drikkeoplevelse, der matcher din fest \u2013 enkelt, l\u00e6kkert og uformelt.<\/p><p><strong style=\"font-weight: bold;\">Praktiske Informationer<\/strong><\/p><p>Med offentlig transport lige uden for d\u00f8ren, gode parkeringsmuligheder og en central beliggenhed t\u00e6t p\u00e5 b\u00e5de motorveje og K\u00f8benhavns Lufthavn, er det nemt for dine g\u00e6ster at komme til Eventbyen Amager \u2013 uanset hvor i landet (eller verden) de kommer fra. Det er gratis parkering for alle g\u00e6ster ved Eventbyen Amager. For at benytte parkeringen skal du blot registrere din nummerplade online ved ankomst. Information og link til registreringen findes tydeligt skiltet p\u00e5 stedet.<\/p><\/div>\t\t\t\t\t\t\t\t<\/div>\n\t\t\t\t<\/div>\n\t\t\t\t<\/div>\n\t\t\t\t<div class=\"elementor-element elementor-element-3ada8d1 elementor-widget-divider--view-line elementor-widget elementor-widget-divider\" data-id=\"3ada8d1\" data-element_type=\"widget\" data-e-type=\"widget\" data-widget_type=\"divider.default\">\n\t\t\t\t<div class=\"elementor-widget-container\">\n\t\t\t\t\t\t\t<div class=\"elementor-divider\">\n\t\t\t<span class=\"elementor-divider-separator\">\n\t\t\t\t\t\t<\/span>\n\t\t<\/div>\n\t\t\t\t\t\t<\/div>\n\t\t\t\t<\/div>\n\t\t<div class=\"elementor-element elementor-element-8cf2225 e-con-full e-flex e-con e-child\" data-id=\"8cf2225\" data-element_type=\"container\" data-e-type=\"container\">\n\t\t\t\t<div class=\"elementor-element elementor-element-40bdaad elementor-widget elementor-widget-google_maps\" data-id=\"40bdaad\" data-element_type=\"widget\" data-e-type=\"widget\" data-widget_type=\"google_maps.default\">\n\t\t\t\t<div class=\"elementor-widget-container\">\n\t\t\t\t\t\t\t<div class=\"elementor-custom-embed\">\n\t\t\t<iframe loading=\"lazy\"\n\t\t\t\t\tsrc=\"https:\/\/maps.google.com\/maps?q=Amagerlandevej%20233%2C%20Flyverbyen%2C%202770%20Kastrup&#038;t=m&#038;z=16&#038;output=embed&#038;iwloc=near\"\n\t\t\t\t\ttitle=\"Amagerlandevej 233, Flyverbyen, 2770 Kastrup\"\n\t\t\t\t\taria-label=\"Amagerlandevej 233, Flyverbyen, 2770 Kastrup\"\n\t\t\t><\/iframe>\n\t\t<\/div>\n\t\t\t\t\t\t<\/div>\n\t\t\t\t<\/div>\n\t\t\t\t<\/div>\n\t\t\t\t<div class=\"elementor-element elementor-element-7dc2422 elementor-widget-divider--view-line elementor-widget elementor-widget-divider\" data-id=\"7dc2422\" data-element_type=\"widget\" data-e-type=\"widget\" data-widget_type=\"divider.default\">\n\t\t\t\t<div class=\"elementor-widget-container\">\n\t\t\t\t\t\t\t<div class=\"elementor-divider\">\n\t\t\t<span class=\"elementor-divider-separator\">\n\t\t\t\t\t\t<\/span>\n\t\t<\/div>\n\t\t\t\t\t\t<\/div>\n\t\t\t\t<\/div>\n\t\t\t\t\t<\/div>\n\t\t\t\t<\/div>\n\t\t\t\t<\/div>\n\t\t","protected":false},"excerpt":{"rendered":"<p>Eventbyen Amager Hvor festen letter! Adresse: Amagerlandevej 233, Flyverbyen, 2770 Kastrup Velkommen til Eventbyen Amager \u2013 et sted, der fa\u030ar din fest til at tage flyveh\u00f8jde! Beliggende i Flyverbyen t\u00e6t pa\u030a K\u00f8benhavns Lufthavn tilbyder vi en unik kombination af stil, komfort og sjove aktiviteter, alt sammen samlet under e\u0301t tag. Lidt om os hos Eventbyen Amager: Plads [&hellip;]<\/p>\n","protected":false},"author":1,"featured_media":3913,"parent":0,"menu_order":0,"comment_status":"closed","ping_status":"closed","template":"","meta":{"footnotes":""},"class_list":["post-5034","page","type-page","status-publish","has-post-thumbnail","hentry"],"_links":{"self":[{"href":"http:\/\/167.235.1.82\/~eventbye\/index.php\/wp-json\/wp\/v2\/pages\/5034","targetHints":{"allow":["GET"]}}],"collection":[{"href":"http:\/\/167.235.1.82\/~eventbye\/index.php\/wp-json\/wp\/v2\/pages"}],"about":[{"href":"http:\/\/167.235.1.82\/~eventbye\/index.php\/wp-json\/wp\/v2\/types\/page"}],"author":[{"embeddable":true,"href":"http:\/\/167.235.1.82\/~eventbye\/index.php\/wp-json\/wp\/v2\/users\/1"}],"replies":[{"embeddable":true,"href":"http:\/\/167.235.1.82\/~eventbye\/index.php\/wp-json\/wp\/v2\/comments?post=5034"}],"version-history":[{"count":19,"href":"http:\/\/167.235.1.82\/~eventbye\/index.php\/wp-json\/wp\/v2\/pages\/5034\/revisions"}],"predecessor-version":[{"id":5613,"href":"http:\/\/167.235.1.82\/~eventbye\/index.php\/wp-json\/wp\/v2\/pages\/5034\/revisions\/5613"}],"wp:featuredmedia":[{"embeddable":true,"href":"http:\/\/167.235.1.82\/~eventbye\/index.php\/wp-json\/wp\/v2\/media\/3913"}],"wp:attachment":[{"href":"http:\/\/167.235.1.82\/~eventbye\/index.php\/wp-json\/wp\/v2\/media?parent=5034"}],"curies":[{"name":"wp","href":"https:\/\/api.w.org\/{rel}","templated":true}]}}