{"id":5035,"date":"2025-02-10T08:19:53","date_gmt":"2025-02-10T08:19:53","guid":{"rendered":"http:\/\/167.235.1.82\/~eventbye\/?page_id=5035"},"modified":"2025-06-25T16:16:35","modified_gmt":"2025-06-25T16:16:35","slug":"eventbyen-koebenhavn-2","status":"publish","type":"page","link":"http:\/\/167.235.1.82\/~eventbye\/index.php\/eventbyen-koebenhavn-2\/","title":{"rendered":"Eventbyen Roskilde"},"content":{"rendered":"\t\t<div data-elementor-type=\"wp-post\" data-elementor-id=\"5035\" class=\"elementor elementor-5035\" data-elementor-post-type=\"page\">\n\t\t\t\t<div class=\"elementor-element elementor-element-60107d3 e-flex e-con-boxed e-con e-parent\" data-id=\"60107d3\" data-element_type=\"container\" data-e-type=\"container\" data-settings=\"{&quot;background_background&quot;:&quot;classic&quot;}\">\n\t\t\t\t\t<div class=\"e-con-inner\">\n\t\t\t\t<div class=\"elementor-element elementor-element-af38818 elementor-widget-divider--view-line elementor-widget elementor-widget-divider\" data-id=\"af38818\" data-element_type=\"widget\" data-e-type=\"widget\" data-widget_type=\"divider.default\">\n\t\t\t\t<div class=\"elementor-widget-container\">\n\t\t\t\t\t\t\t<div class=\"elementor-divider\">\n\t\t\t<span class=\"elementor-divider-separator\">\n\t\t\t\t\t\t<\/span>\n\t\t<\/div>\n\t\t\t\t\t\t<\/div>\n\t\t\t\t<\/div>\n\t\t\t\t<div class=\"elementor-element elementor-element-645de7d elementor-widget elementor-widget-heading\" data-id=\"645de7d\" data-element_type=\"widget\" data-e-type=\"widget\" data-widget_type=\"heading.default\">\n\t\t\t\t<div class=\"elementor-widget-container\">\n\t\t\t\t\t<h1 class=\"elementor-heading-title elementor-size-default\">Eventbyen Roskilde<\/h1>\t\t\t\t<\/div>\n\t\t\t\t<\/div>\n\t\t\t\t<div class=\"elementor-element elementor-element-3963e7e elementor-widget elementor-widget-heading\" data-id=\"3963e7e\" data-element_type=\"widget\" data-e-type=\"widget\" data-widget_type=\"heading.default\">\n\t\t\t\t<div class=\"elementor-widget-container\">\n\t\t\t\t\t<h3 class=\"elementor-heading-title elementor-size-default\">Fest, mad og aktiviteter i hjertet af Roskilde\n<\/h3>\t\t\t\t<\/div>\n\t\t\t\t<\/div>\n\t\t\t\t<div class=\"elementor-element elementor-element-c953b9f elementor-widget elementor-widget-heading\" data-id=\"c953b9f\" data-element_type=\"widget\" data-e-type=\"widget\" data-widget_type=\"heading.default\">\n\t\t\t\t<div class=\"elementor-widget-container\">\n\t\t\t\t\t<h3 class=\"elementor-heading-title elementor-size-default\">Adresse: Ro\u2019s Have 12, 4000 Roskilde\n<\/h3>\t\t\t\t<\/div>\n\t\t\t\t<\/div>\n\t\t\t\t<div class=\"elementor-element elementor-element-ff21bbd elementor-widget-divider--view-line elementor-widget elementor-widget-divider\" data-id=\"ff21bbd\" data-element_type=\"widget\" data-e-type=\"widget\" data-widget_type=\"divider.default\">\n\t\t\t\t<div class=\"elementor-widget-container\">\n\t\t\t\t\t\t\t<div class=\"elementor-divider\">\n\t\t\t<span class=\"elementor-divider-separator\">\n\t\t\t\t\t\t<\/span>\n\t\t<\/div>\n\t\t\t\t\t\t<\/div>\n\t\t\t\t<\/div>\n\t\t<div class=\"elementor-element elementor-element-6b4995e e-con-full e-flex e-con e-child\" data-id=\"6b4995e\" data-element_type=\"container\" data-e-type=\"container\">\n\t\t\t\t<div class=\"elementor-element elementor-element-70b16f4 elementor-widget elementor-widget-text-editor\" data-id=\"70b16f4\" data-element_type=\"widget\" data-e-type=\"widget\" data-widget_type=\"text-editor.default\">\n\t\t\t\t<div class=\"elementor-widget-container\">\n\t\t\t\t\t\t\t\t\t<div style=\"font-size: 22px; line-height: 1.8;\">Velkommen til Eventbyen Roskilde \u2013 stedet, hvor fest og hygge ga\u030ar ha\u030and i ha\u030and!<br \/>Hos Eventbyen Roskilde tilbyder vi den perfekte ramme for enhver begivenhed, med fleksible lokaler, masser af sjove aktiviteter og skr\u00e6ddersyede madoplevelser, der g\u00f8r din fest til noget s\u00e6rligt. Vores centrale placering samt nem adgang med offentlig transport og gode parkeringsmuligheder g\u00f8r det let for dine g\u00e6ster at komme til og fra. Vi s\u00f8rger for, at din oplevelse bliver fantastisk fra start til slut.<\/div><div style=\"font-size: 22px; line-height: 1.8;\"><strong style=\"font-weight: bold;\">Lidt om os hos Eventbyen Roskilde:<\/strong><br \/>Vores lokaler kan rumme op til 150 spisende g\u00e6ster, og endnu flere, hvis du v\u00e6lger et sta\u030aende arrangement. Vi tilbyder fleksible ops\u00e6tninger, der kan tilpasses lige pr\u00e6cis dit behov.<br \/>Lokalet kan indrettes efter dine \u00f8nsker, hvad enten det drejer sig om en hyggelig middag, et stort firmaevent eller en festlig fejring.<\/div><div style=\"font-size: 22px; line-height: 1.8;\"><strong style=\"font-weight: bold;\">Aktiviteter:<\/strong><\/div><div style=\"font-size: 22px; line-height: 1.8;\">Vi tilbyder ogsa\u030a sjove spil og avancerede simulatorer \u2013 med 14 simulatorer har vi noget for enhver smag, fra golf til mange andre sp\u00e6ndende spil og konkurrencer, som er perfekte til at underholde dine g\u00e6ster.<br \/>For at tilf\u00f8je endnu mere aktivitet til din event, samarbejder vi med City Bowling Roskilde, som ligger kun et \u00f8jekast herfra. Bowling er en sjov og aktiv tilf\u00f8jelse til dit arrangement og er perfekt til ba\u030ade firmaer og private grupper.<\/div><div style=\"font-size: 22px; line-height: 1.8;\"><strong style=\"font-weight: bold;\">Mad og drikke:<\/strong><\/div><div style=\"font-size: 22px; line-height: 1.8;\">Na\u030ar det kommer til mad, samarbejder vi med forskellige leverand\u00f8rer for at sikre den bedste madoplevelse til din fest. Uanset om du \u00f8nsker l\u00e6kre buffetmuligheder, en gourmetmiddag eller noget helt andet, hj\u00e6lper vi dig med at finde det perfekte match af mad og drikke, der passer til dit arrangement.<br \/>Med vores professionelle eventkoordinatorer, smukke ops\u00e6tning og l\u00e6kre cateringmuligheder er vi klar til at skabe den fest, du har dr\u00f8mt om \u2013 og lidt til. Eventbyen Roskilde er det ideelle valg for ba\u030ade private og virksomheders fester, og vi ser frem til at byde dig og dine g\u00e6ster velkommen til en uforglemmelig oplevelse<br \/><strong style=\"font-weight: bold;\">Praktiske informationer:<\/strong><br \/>Der er gratis parkering for alle g\u00e6ster ved Eventbyen Roskilde. For at benytte parkeringen skal du blot registrere din nummerplade online ved ankomst. Information og link til registreringen findes tydeligt skiltet p\u00e5 stedet.<\/div>\t\t\t\t\t\t\t\t<\/div>\n\t\t\t\t<\/div>\n\t\t\t\t<\/div>\n\t\t\t\t<div class=\"elementor-element elementor-element-3ada8d1 elementor-widget-divider--view-line elementor-widget elementor-widget-divider\" data-id=\"3ada8d1\" data-element_type=\"widget\" data-e-type=\"widget\" data-widget_type=\"divider.default\">\n\t\t\t\t<div class=\"elementor-widget-container\">\n\t\t\t\t\t\t\t<div class=\"elementor-divider\">\n\t\t\t<span class=\"elementor-divider-separator\">\n\t\t\t\t\t\t<\/span>\n\t\t<\/div>\n\t\t\t\t\t\t<\/div>\n\t\t\t\t<\/div>\n\t\t<div class=\"elementor-element elementor-element-8cf2225 e-con-full e-flex e-con e-child\" data-id=\"8cf2225\" data-element_type=\"container\" data-e-type=\"container\">\n\t\t\t\t<div class=\"elementor-element elementor-element-40d8165 elementor-widget elementor-widget-google_maps\" data-id=\"40d8165\" data-element_type=\"widget\" data-e-type=\"widget\" data-widget_type=\"google_maps.default\">\n\t\t\t\t<div class=\"elementor-widget-container\">\n\t\t\t\t\t\t\t<div class=\"elementor-custom-embed\">\n\t\t\t<iframe loading=\"lazy\"\n\t\t\t\t\tsrc=\"https:\/\/maps.google.com\/maps?q=Ro%E2%80%99s%20Have%2012%2C%204000%20Roskilde&#038;t=m&#038;z=16&#038;output=embed&#038;iwloc=near\"\n\t\t\t\t\ttitle=\"Ro\u2019s Have 12, 4000 Roskilde\"\n\t\t\t\t\taria-label=\"Ro\u2019s Have 12, 4000 Roskilde\"\n\t\t\t><\/iframe>\n\t\t<\/div>\n\t\t\t\t\t\t<\/div>\n\t\t\t\t<\/div>\n\t\t\t\t<div class=\"elementor-element elementor-element-400e79e elementor-widget-divider--view-line elementor-widget elementor-widget-divider\" data-id=\"400e79e\" data-element_type=\"widget\" data-e-type=\"widget\" data-widget_type=\"divider.default\">\n\t\t\t\t<div class=\"elementor-widget-container\">\n\t\t\t\t\t\t\t<div class=\"elementor-divider\">\n\t\t\t<span class=\"elementor-divider-separator\">\n\t\t\t\t\t\t<\/span>\n\t\t<\/div>\n\t\t\t\t\t\t<\/div>\n\t\t\t\t<\/div>\n\t\t\t\t<\/div>\n\t\t\t\t\t<\/div>\n\t\t\t\t<\/div>\n\t\t\t\t<\/div>\n\t\t","protected":false},"excerpt":{"rendered":"<p>Eventbyen Roskilde Fest, mad og aktiviteter i hjertet af Roskilde Adresse: Ro\u2019s Have 12, 4000 Roskilde Velkommen til Eventbyen Roskilde \u2013 stedet, hvor fest og hygge ga\u030ar ha\u030and i ha\u030and!Hos Eventbyen Roskilde tilbyder vi den perfekte ramme for enhver begivenhed, med fleksible lokaler, masser af sjove aktiviteter og skr\u00e6ddersyede madoplevelser, der g\u00f8r din fest til noget s\u00e6rligt. [&hellip;]<\/p>\n","protected":false},"author":1,"featured_media":3913,"parent":0,"menu_order":0,"comment_status":"closed","ping_status":"closed","template":"","meta":{"footnotes":""},"class_list":["post-5035","page","type-page","status-publish","has-post-thumbnail","hentry"],"_links":{"self":[{"href":"http:\/\/167.235.1.82\/~eventbye\/index.php\/wp-json\/wp\/v2\/pages\/5035","targetHints":{"allow":["GET"]}}],"collection":[{"href":"http:\/\/167.235.1.82\/~eventbye\/index.php\/wp-json\/wp\/v2\/pages"}],"about":[{"href":"http:\/\/167.235.1.82\/~eventbye\/index.php\/wp-json\/wp\/v2\/types\/page"}],"author":[{"embeddable":true,"href":"http:\/\/167.235.1.82\/~eventbye\/index.php\/wp-json\/wp\/v2\/users\/1"}],"replies":[{"embeddable":true,"href":"http:\/\/167.235.1.82\/~eventbye\/index.php\/wp-json\/wp\/v2\/comments?post=5035"}],"version-history":[{"count":25,"href":"http:\/\/167.235.1.82\/~eventbye\/index.php\/wp-json\/wp\/v2\/pages\/5035\/revisions"}],"predecessor-version":[{"id":5687,"href":"http:\/\/167.235.1.82\/~eventbye\/index.php\/wp-json\/wp\/v2\/pages\/5035\/revisions\/5687"}],"wp:featuredmedia":[{"embeddable":true,"href":"http:\/\/167.235.1.82\/~eventbye\/index.php\/wp-json\/wp\/v2\/media\/3913"}],"wp:attachment":[{"href":"http:\/\/167.235.1.82\/~eventbye\/index.php\/wp-json\/wp\/v2\/media?parent=5035"}],"curies":[{"name":"wp","href":"https:\/\/api.w.org\/{rel}","templated":true}]}}