{"id":19,"date":"2025-03-25T20:38:09","date_gmt":"2025-03-25T20:38:09","guid":{"rendered":"http:\/\/167.235.1.82\/~zannaibi\/udvikling\/?page_id=19"},"modified":"2025-03-25T22:18:23","modified_gmt":"2025-03-25T22:18:23","slug":"forside-360neurodivergent","status":"publish","type":"page","link":"http:\/\/167.235.1.82\/~zannaibi\/udvikling\/","title":{"rendered":"Forside"},"content":{"rendered":"\n<p>Jeg vil hermed byde dig velkommen her p\u00e5 siden, hvor det handler om, hvordan livet kan leves med en neurodivergent kr\u00f8llet hjerne og med et lidt anderledes syn p\u00e5 verden end gennemsnittet. Efter utallige \u00e5r med fokus p\u00e5 personlig udvikling, og hvordan verden h\u00e6nger sammen, har jeg altid meget p\u00e5 hjertet fra et autentisk og k\u00e6rligt sted. Min neurodivergente hjerne g\u00f8r, at jeg ikke altid ser tingene helt som andre. Den g\u00f8r mig i stand til at se tingene ikke blot fra den ene og anden side, men fra et multifacetteret sted. Det \u00f8nsker jeg at dele med verden gennem min blog her.<\/p>\n\n\n\n<h2 class=\"wp-block-heading\">Intentionen med 360\u00b0 Neurodivergent <\/h2>\n\n\n\n<p>Jeg vil p\u00e5 bloggen dele mine tanker og perspektiver gennem forskellige blogindl\u00e6g, og den r\u00f8de tr\u00e5d vil altid v\u00e6re\u00a0 mit syn p\u00e5 verden. Det at leve med \u00e5bent hjerte, nysgerrighed og med en k\u00e6mpe JA-Hat p\u00e5 altid.\u00a0Og med et neurodivergent livssyn. <\/p>\n\n\n\n<p>Jeg har levet et langt liv, med en udiagnosticeret ADHD, hvilket har givet mig et sp\u00e6ndende, flyvsk og til tider kaotisk liv, men med masser oplevelser, hjertevarme og latter.\u00a0 I dag er jeg diagnosticeret, og\u00a0f\u00e5r medicinsk hj\u00e6lp til at f\u00e5 bare lidt mere struktur, fokus og ikke mindst impulsstyring.\u00a0Der ud over forst\u00e5r jeg endelig hvad det betyder at have en neurodivergent hjerne. <\/p>\n\n\n\n<p>Jeg har, udover nerodivergens, levet med smerter som fast f\u00f8lgesvend siden 2010, hvor jeg var ude for en l\u00f8beulykke. Jeg har siden dengang, haft fokus p\u00e5 at l\u00e6re at leve med mine smerter, som fast f\u00f8lgesvend, fremfor blot at overleve.&nbsp;<\/p>\n\n\n\n<h2 class=\"wp-block-heading\">Interesser&nbsp;<\/h2>\n\n\n\n<p>Mine interesser spreder sig over mange ting, p\u00e5 klassisk ADHD vis. Det eneste, der har v\u00e6ret gennemg\u00e5ende gennem stort set hele livet er ridning og tr\u00e6ning af hest, med prim\u00e6rt fokus p\u00e5 balance, detaljen, at kunne kommunikere med s\u00e5 let udstyr som muligt og meget andet. Jeg har min egen hest, som&nbsp;jeg selv har avlet. Derudover har jeg en kat, og har indlemmet en sk\u00f8n omplaceringshund i familien, som jeg ogs\u00e5 tr\u00e6ner.&nbsp;Derudover elsker jeg at vandre, at v\u00e6re i naturen og overnatte. Jeg arbejder p\u00e5 at kunne l\u00f8be igen. Jeg strikker, l\u00e6ser og meget andet der i perioder lige fanger min interesse. Jeg har desuden i mange \u00e5r v\u00e6ret optaget af personlig udvikling og af hvordan vi lever fra et k\u00e6rligt og autentisk sted.&nbsp;<\/p>\n\n\n\n<p>Jeg h\u00e5ber du vil lade dig inspirere dig til, at leve det liv, som g\u00f8r DIG lykkelig, og m\u00e5ske gennem mine delinger selv finde modet til at spr\u00e6nge kasser og rammer og finde din vej til det gode liv.&nbsp;<\/p>\n\n\n\n<p>Du kan l\u00e6se mere om mig <a href=\"http:\/\/167.235.1.82\/~zannaibi\/udvikling\/index.php\/jeg-er\/\">her\u00a0<\/a><\/p>\n\n\n\n<p>I k\u00e6rlighed,&nbsp;<\/p>\n\n\n\n<p>Zanna Ibina&nbsp;<\/p>\n\n\n\n<p><\/p>\n","protected":false},"excerpt":{"rendered":"<p>Jeg vil hermed byde dig velkommen her p\u00e5 siden, hvor det handler om, hvordan livet kan leves med en neurodivergent kr\u00f8llet hjerne og med et lidt anderledes syn p\u00e5 verden end gennemsnittet. Efter utallige \u00e5r med fokus p\u00e5 personlig udvikling, og hvordan verden h\u00e6nger sammen, har jeg altid meget p\u00e5 hjertet fra et autentisk og&#8230;<\/p>\n","protected":false},"author":1,"featured_media":0,"parent":0,"menu_order":0,"comment_status":"closed","ping_status":"closed","template":"","meta":{"footnotes":""},"class_list":["post-19","page","type-page","status-publish","hentry"],"yoast_head":"<!-- This site is optimized with the Yoast SEO plugin v25.8 - https:\/\/yoast.com\/wordpress\/plugins\/seo\/ -->\n<title>Forside - 360&ordm; Neurodivergent<\/title>\n<meta name=\"description\" content=\"Velkommen til 360\u00b0 Neurodivergent. Mit \u00f8nske er at inspirere, oplyse, prikke til normene, samt udfordre det g\u00e6ngse syn p\u00e5 neurodivergens\" \/>\n<meta name=\"robots\" content=\"index, follow, max-snippet:-1, max-image-preview:large, max-video-preview:-1\" \/>\n<link rel=\"canonical\" href=\"http:\/\/167.235.1.82\/~zannaibi\/udvikling\/\" \/>\n<meta property=\"og:locale\" content=\"da_DK\" \/>\n<meta property=\"og:type\" content=\"article\" \/>\n<meta property=\"og:title\" content=\"Forside - 360&ordm; Neurodivergent\" \/>\n<meta property=\"og:description\" content=\"Velkommen til 360\u00b0 Neurodivergent. Mit \u00f8nske er at inspirere, oplyse, prikke til normene, samt udfordre det g\u00e6ngse syn p\u00e5 neurodivergens\" \/>\n<meta property=\"og:url\" content=\"http:\/\/167.235.1.82\/~zannaibi\/udvikling\/\" \/>\n<meta property=\"og:site_name\" content=\"360&ordm; Neurodivergent\" \/>\n<meta property=\"article:modified_time\" content=\"2025-03-25T22:18:23+00:00\" \/>\n<meta name=\"twitter:card\" content=\"summary_large_image\" \/>\n<meta name=\"twitter:label1\" content=\"Estimeret l\u00e6setid\" \/>\n\t<meta name=\"twitter:data1\" content=\"3 minutter\" \/>\n<script type=\"application\/ld+json\" class=\"yoast-schema-graph\">{\"@context\":\"https:\/\/schema.org\",\"@graph\":[{\"@type\":\"WebPage\",\"@id\":\"http:\/\/167.235.1.82\/~zannaibi\/udvikling\/\",\"url\":\"http:\/\/167.235.1.82\/~zannaibi\/udvikling\/\",\"name\":\"Forside - 360&ordm; Neurodivergent\",\"isPartOf\":{\"@id\":\"http:\/\/167.235.1.82\/~zannaibi\/udvikling\/#website\"},\"datePublished\":\"2025-03-25T20:38:09+00:00\",\"dateModified\":\"2025-03-25T22:18:23+00:00\",\"description\":\"Velkommen til 360\u00b0 Neurodivergent. Mit \u00f8nske er at inspirere, oplyse, prikke til normene, samt udfordre det g\u00e6ngse syn p\u00e5 neurodivergens\",\"breadcrumb\":{\"@id\":\"http:\/\/167.235.1.82\/~zannaibi\/udvikling\/#breadcrumb\"},\"inLanguage\":\"da-DK\",\"potentialAction\":[{\"@type\":\"ReadAction\",\"target\":[\"http:\/\/167.235.1.82\/~zannaibi\/udvikling\/\"]}]},{\"@type\":\"BreadcrumbList\",\"@id\":\"http:\/\/167.235.1.82\/~zannaibi\/udvikling\/#breadcrumb\",\"itemListElement\":[{\"@type\":\"ListItem\",\"position\":1,\"name\":\"Hjem\",\"item\":\"http:\/\/167.235.1.82\/~zannaibi\/udvikling\/\"},{\"@type\":\"ListItem\",\"position\":2,\"name\":\"Forside\"}]},{\"@type\":\"WebSite\",\"@id\":\"http:\/\/167.235.1.82\/~zannaibi\/udvikling\/#website\",\"url\":\"http:\/\/167.235.1.82\/~zannaibi\/udvikling\/\",\"name\":\"360&ordm; Neurodivergent\",\"description\":\"\",\"potentialAction\":[{\"@type\":\"SearchAction\",\"target\":{\"@type\":\"EntryPoint\",\"urlTemplate\":\"http:\/\/167.235.1.82\/~zannaibi\/udvikling\/?s={search_term_string}\"},\"query-input\":{\"@type\":\"PropertyValueSpecification\",\"valueRequired\":true,\"valueName\":\"search_term_string\"}}],\"inLanguage\":\"da-DK\"}]}<\/script>\n<!-- \/ Yoast SEO plugin. -->","yoast_head_json":{"title":"Forside - 360&ordm; Neurodivergent","description":"Velkommen til 360\u00b0 Neurodivergent. Mit \u00f8nske er at inspirere, oplyse, prikke til normene, samt udfordre det g\u00e6ngse syn p\u00e5 neurodivergens","robots":{"index":"index","follow":"follow","max-snippet":"max-snippet:-1","max-image-preview":"max-image-preview:large","max-video-preview":"max-video-preview:-1"},"canonical":"http:\/\/167.235.1.82\/~zannaibi\/udvikling\/","og_locale":"da_DK","og_type":"article","og_title":"Forside - 360&ordm; Neurodivergent","og_description":"Velkommen til 360\u00b0 Neurodivergent. Mit \u00f8nske er at inspirere, oplyse, prikke til normene, samt udfordre det g\u00e6ngse syn p\u00e5 neurodivergens","og_url":"http:\/\/167.235.1.82\/~zannaibi\/udvikling\/","og_site_name":"360&ordm; Neurodivergent","article_modified_time":"2025-03-25T22:18:23+00:00","twitter_card":"summary_large_image","twitter_misc":{"Estimeret l\u00e6setid":"3 minutter"},"schema":{"@context":"https:\/\/schema.org","@graph":[{"@type":"WebPage","@id":"http:\/\/167.235.1.82\/~zannaibi\/udvikling\/","url":"http:\/\/167.235.1.82\/~zannaibi\/udvikling\/","name":"Forside - 360&ordm; Neurodivergent","isPartOf":{"@id":"http:\/\/167.235.1.82\/~zannaibi\/udvikling\/#website"},"datePublished":"2025-03-25T20:38:09+00:00","dateModified":"2025-03-25T22:18:23+00:00","description":"Velkommen til 360\u00b0 Neurodivergent. Mit \u00f8nske er at inspirere, oplyse, prikke til normene, samt udfordre det g\u00e6ngse syn p\u00e5 neurodivergens","breadcrumb":{"@id":"http:\/\/167.235.1.82\/~zannaibi\/udvikling\/#breadcrumb"},"inLanguage":"da-DK","potentialAction":[{"@type":"ReadAction","target":["http:\/\/167.235.1.82\/~zannaibi\/udvikling\/"]}]},{"@type":"BreadcrumbList","@id":"http:\/\/167.235.1.82\/~zannaibi\/udvikling\/#breadcrumb","itemListElement":[{"@type":"ListItem","position":1,"name":"Hjem","item":"http:\/\/167.235.1.82\/~zannaibi\/udvikling\/"},{"@type":"ListItem","position":2,"name":"Forside"}]},{"@type":"WebSite","@id":"http:\/\/167.235.1.82\/~zannaibi\/udvikling\/#website","url":"http:\/\/167.235.1.82\/~zannaibi\/udvikling\/","name":"360&ordm; Neurodivergent","description":"","potentialAction":[{"@type":"SearchAction","target":{"@type":"EntryPoint","urlTemplate":"http:\/\/167.235.1.82\/~zannaibi\/udvikling\/?s={search_term_string}"},"query-input":{"@type":"PropertyValueSpecification","valueRequired":true,"valueName":"search_term_string"}}],"inLanguage":"da-DK"}]}},"_links":{"self":[{"href":"http:\/\/167.235.1.82\/~zannaibi\/udvikling\/index.php\/wp-json\/wp\/v2\/pages\/19","targetHints":{"allow":["GET"]}}],"collection":[{"href":"http:\/\/167.235.1.82\/~zannaibi\/udvikling\/index.php\/wp-json\/wp\/v2\/pages"}],"about":[{"href":"http:\/\/167.235.1.82\/~zannaibi\/udvikling\/index.php\/wp-json\/wp\/v2\/types\/page"}],"author":[{"embeddable":true,"href":"http:\/\/167.235.1.82\/~zannaibi\/udvikling\/index.php\/wp-json\/wp\/v2\/users\/1"}],"replies":[{"embeddable":true,"href":"http:\/\/167.235.1.82\/~zannaibi\/udvikling\/index.php\/wp-json\/wp\/v2\/comments?post=19"}],"version-history":[{"count":5,"href":"http:\/\/167.235.1.82\/~zannaibi\/udvikling\/index.php\/wp-json\/wp\/v2\/pages\/19\/revisions"}],"predecessor-version":[{"id":51,"href":"http:\/\/167.235.1.82\/~zannaibi\/udvikling\/index.php\/wp-json\/wp\/v2\/pages\/19\/revisions\/51"}],"wp:attachment":[{"href":"http:\/\/167.235.1.82\/~zannaibi\/udvikling\/index.php\/wp-json\/wp\/v2\/media?parent=19"}],"curies":[{"name":"wp","href":"https:\/\/api.w.org\/{rel}","templated":true}]}}