{"id":39,"date":"2025-03-25T21:42:58","date_gmt":"2025-03-25T21:42:58","guid":{"rendered":"http:\/\/167.235.1.82\/~zannaibi\/udvikling\/?page_id=39"},"modified":"2025-03-25T21:42:58","modified_gmt":"2025-03-25T21:42:58","slug":"jeg-er","status":"publish","type":"page","link":"http:\/\/167.235.1.82\/~zannaibi\/udvikling\/index.php\/jeg-er\/","title":{"rendered":"Jeg er.."},"content":{"rendered":"\n<h2 class=\"wp-block-heading\">Hvem er jeg?&nbsp;<\/h2>\n\n\n\n<p>Mit navn er Zanna Ibina. Jeg er f\u00f8rst og fremmest dybt i hjertet formidler. Det er mit st\u00f8rste kald i livet, og jeg har siden jeg har v\u00e6ret ganske ung elsket at undervise, guide, formidle p\u00e5 alle planer. Jeg har v\u00e6ret en s\u00f8gende sj\u00e6l, og derfor har jeg samlet meget visdom.&nbsp;<\/p>\n\n\n\n<p>Jeg lever et absolut magisk og smukt liv, p\u00e5 trods af, at jeg meget ofte har v\u00e6ret ramt af modgang. Jeg lever et liv, der p\u00e5 visse m\u00e5der er begr\u00e6nset af st\u00e6rke smerter, men det har jeg ikke lade overskygge magien og det smukke.&nbsp;<\/p>\n\n\n\n<p>Jeg har tre enest\u00e5ende og fantastiske b\u00f8rn fra 04, 06 og 16! Kun den mindste bor hjemme. Jeg har v\u00e6ret alene med b\u00f8rnene siden den mellemste var 1. Den yngste er jeg 100% solo-mor til.\u00a0Mine sk\u00f8nne b\u00f8rn er ligeledes neurodivergente, de to af dem udredt, den sidste er ikke, men kan ikke helt l\u00f8be fra at v\u00e6re del af familiens kr\u00f8llede hjerner.<\/p>\n\n\n\n<h2 class=\"wp-block-heading\">Den kr\u00f8llede hjerne&nbsp;<\/h2>\n\n\n\n<p>Jeg er sendiagnosticeret med ADHD som 47 \u00e5rig, der ud over har jeg ikke mindre end 8 smertediagnoser, pga hvilke jeg har v\u00e6ret f\u00f8rtidspensionist siden 2015.<\/p>\n\n\n\n<p>P\u00e5 trods af min uddannelse som sygeplejerske. Og selvom jeg har brugt en del af mit arbejdsliv som psykiatrisk sygeplejerske, var mit billede af ADHD indtil for nyligt det klassiske billede, som mange desv\u00e6rre har: At det er 7 \u00e5rige drenge, der kravler p\u00e5 v\u00e6ggen.\u00a0<\/p>\n\n\n\n<p>Det \u00e6ndrede sig da en k\u00e6rlig kommentar fra min far fik mig p\u00e5 sporet af min egen uopdagede ADHD. Endelig satte jeg mig ind i hvad det indebar, og is\u00e6r, hvordan det ser ud for piger og kvinder. Der er mange ord jeg har sagt tidligere om ADHD, som jeg i dag \u00e6der i mig med ydmyghed.&nbsp;<\/p>\n\n\n\n<h2 class=\"wp-block-heading\">Min hverdag&nbsp;<\/h2>\n\n\n\n<p>Jeg er i dag f\u00f8rtidspensionist, pga de smerteproblematikker, der fulgte min l\u00f8beulykke i 2010.&nbsp;<\/p>\n\n\n\n<p>Hverdagen bruges derfor p\u00e5 min hest,kat, hund, b\u00f8rn, vandreture, l\u00f8b, hygger med venner og familie, strikning, skrivning og meget andet.\u00a0<\/p>\n\n\n\n<p>Jeg elsker at skrive og formidle, derfor har jeg startet denne blog &#8211; 360 Neurodivergent, for at have et sted at dele mine tanker, overvejelser, erfaringer og holdninger. L\u00e6s mere <a href=\"http:\/\/167.235.1.82\/~zannaibi\/udvikling\/index.php\/blog-2\/\">her.<\/a><\/p>\n\n\n\n<figure class=\"wp-block-image size-large is-style-rounded\"><img fetchpriority=\"high\" decoding=\"async\" width=\"768\" height=\"1024\" src=\"http:\/\/167.235.1.82\/~zannaibi\/udvikling\/wp-content\/uploads\/2025\/03\/IMG_20191008_112900-768x1024.jpg\" alt=\"jeg er\" class=\"wp-image-40\" srcset=\"http:\/\/167.235.1.82\/~zannaibi\/udvikling\/wp-content\/uploads\/2025\/03\/IMG_20191008_112900-768x1024.jpg 768w, http:\/\/167.235.1.82\/~zannaibi\/udvikling\/wp-content\/uploads\/2025\/03\/IMG_20191008_112900-225x300.jpg 225w, http:\/\/167.235.1.82\/~zannaibi\/udvikling\/wp-content\/uploads\/2025\/03\/IMG_20191008_112900-1152x1536.jpg 1152w, http:\/\/167.235.1.82\/~zannaibi\/udvikling\/wp-content\/uploads\/2025\/03\/IMG_20191008_112900-1536x2048.jpg 1536w, http:\/\/167.235.1.82\/~zannaibi\/udvikling\/wp-content\/uploads\/2025\/03\/IMG_20191008_112900-624x832.jpg 624w, http:\/\/167.235.1.82\/~zannaibi\/udvikling\/wp-content\/uploads\/2025\/03\/IMG_20191008_112900-scaled.jpg 1920w\" sizes=\"(max-width: 768px) 100vw, 768px\" \/><\/figure>\n","protected":false},"excerpt":{"rendered":"<p>Hvem er jeg?&nbsp; Mit navn er Zanna Ibina. Jeg er f\u00f8rst og fremmest dybt i hjertet formidler. Det er mit st\u00f8rste kald i livet, og jeg har siden jeg har v\u00e6ret ganske ung elsket at undervise, guide, formidle p\u00e5 alle planer. Jeg har v\u00e6ret en s\u00f8gende sj\u00e6l, og derfor har jeg samlet meget visdom.&nbsp; Jeg&#8230;<\/p>\n","protected":false},"author":1,"featured_media":0,"parent":0,"menu_order":0,"comment_status":"closed","ping_status":"closed","template":"","meta":{"footnotes":""},"class_list":["post-39","page","type-page","status-publish","hentry"],"yoast_head":"<!-- This site is optimized with the Yoast SEO plugin v25.8 - https:\/\/yoast.com\/wordpress\/plugins\/seo\/ -->\n<title>Jeg er.. - 360&ordm; Neurodivergent<\/title>\n<meta name=\"description\" content=\"Hvem er jeg? Jeg er den kr\u00f8llede hjerne bag denne blog om livet og det at se verden gennem neurodivergente briller. Som mor og formidler\" \/>\n<meta name=\"robots\" content=\"index, follow, max-snippet:-1, max-image-preview:large, max-video-preview:-1\" \/>\n<link rel=\"canonical\" href=\"http:\/\/167.235.1.82\/~zannaibi\/udvikling\/index.php\/jeg-er\/\" \/>\n<meta property=\"og:locale\" content=\"da_DK\" \/>\n<meta property=\"og:type\" content=\"article\" \/>\n<meta property=\"og:title\" content=\"Jeg er.. - 360&ordm; Neurodivergent\" \/>\n<meta property=\"og:description\" content=\"Hvem er jeg? Jeg er den kr\u00f8llede hjerne bag denne blog om livet og det at se verden gennem neurodivergente briller. Som mor og formidler\" \/>\n<meta property=\"og:url\" content=\"http:\/\/167.235.1.82\/~zannaibi\/udvikling\/index.php\/jeg-er\/\" \/>\n<meta property=\"og:site_name\" content=\"360&ordm; Neurodivergent\" \/>\n<meta property=\"og:image\" content=\"http:\/\/167.235.1.82\/~zannaibi\/udvikling\/wp-content\/uploads\/2025\/03\/IMG_20191008_112900-scaled.jpg\" \/>\n\t<meta property=\"og:image:width\" content=\"1920\" \/>\n\t<meta property=\"og:image:height\" content=\"2560\" \/>\n\t<meta property=\"og:image:type\" content=\"image\/jpeg\" \/>\n<meta name=\"twitter:card\" content=\"summary_large_image\" \/>\n<meta name=\"twitter:label1\" content=\"Estimeret l\u00e6setid\" \/>\n\t<meta name=\"twitter:data1\" content=\"3 minutter\" \/>\n<script type=\"application\/ld+json\" class=\"yoast-schema-graph\">{\"@context\":\"https:\/\/schema.org\",\"@graph\":[{\"@type\":\"WebPage\",\"@id\":\"http:\/\/167.235.1.82\/~zannaibi\/udvikling\/index.php\/jeg-er\/\",\"url\":\"http:\/\/167.235.1.82\/~zannaibi\/udvikling\/index.php\/jeg-er\/\",\"name\":\"Jeg er.. - 360&ordm; Neurodivergent\",\"isPartOf\":{\"@id\":\"http:\/\/167.235.1.82\/~zannaibi\/udvikling\/#website\"},\"primaryImageOfPage\":{\"@id\":\"http:\/\/167.235.1.82\/~zannaibi\/udvikling\/index.php\/jeg-er\/#primaryimage\"},\"image\":{\"@id\":\"http:\/\/167.235.1.82\/~zannaibi\/udvikling\/index.php\/jeg-er\/#primaryimage\"},\"thumbnailUrl\":\"http:\/\/167.235.1.82\/~zannaibi\/udvikling\/wp-content\/uploads\/2025\/03\/IMG_20191008_112900-768x1024.jpg\",\"datePublished\":\"2025-03-25T21:42:58+00:00\",\"description\":\"Hvem er jeg? Jeg er den kr\u00f8llede hjerne bag denne blog om livet og det at se verden gennem neurodivergente briller. Som mor og formidler\",\"breadcrumb\":{\"@id\":\"http:\/\/167.235.1.82\/~zannaibi\/udvikling\/index.php\/jeg-er\/#breadcrumb\"},\"inLanguage\":\"da-DK\",\"potentialAction\":[{\"@type\":\"ReadAction\",\"target\":[\"http:\/\/167.235.1.82\/~zannaibi\/udvikling\/index.php\/jeg-er\/\"]}]},{\"@type\":\"ImageObject\",\"inLanguage\":\"da-DK\",\"@id\":\"http:\/\/167.235.1.82\/~zannaibi\/udvikling\/index.php\/jeg-er\/#primaryimage\",\"url\":\"http:\/\/167.235.1.82\/~zannaibi\/udvikling\/wp-content\/uploads\/2025\/03\/IMG_20191008_112900-scaled.jpg\",\"contentUrl\":\"http:\/\/167.235.1.82\/~zannaibi\/udvikling\/wp-content\/uploads\/2025\/03\/IMG_20191008_112900-scaled.jpg\",\"width\":1920,\"height\":2560},{\"@type\":\"BreadcrumbList\",\"@id\":\"http:\/\/167.235.1.82\/~zannaibi\/udvikling\/index.php\/jeg-er\/#breadcrumb\",\"itemListElement\":[{\"@type\":\"ListItem\",\"position\":1,\"name\":\"Hjem\",\"item\":\"http:\/\/167.235.1.82\/~zannaibi\/udvikling\/\"},{\"@type\":\"ListItem\",\"position\":2,\"name\":\"Jeg er..\"}]},{\"@type\":\"WebSite\",\"@id\":\"http:\/\/167.235.1.82\/~zannaibi\/udvikling\/#website\",\"url\":\"http:\/\/167.235.1.82\/~zannaibi\/udvikling\/\",\"name\":\"360&ordm; Neurodivergent\",\"description\":\"\",\"potentialAction\":[{\"@type\":\"SearchAction\",\"target\":{\"@type\":\"EntryPoint\",\"urlTemplate\":\"http:\/\/167.235.1.82\/~zannaibi\/udvikling\/?s={search_term_string}\"},\"query-input\":{\"@type\":\"PropertyValueSpecification\",\"valueRequired\":true,\"valueName\":\"search_term_string\"}}],\"inLanguage\":\"da-DK\"}]}<\/script>\n<!-- \/ Yoast SEO plugin. -->","yoast_head_json":{"title":"Jeg er.. - 360&ordm; Neurodivergent","description":"Hvem er jeg? Jeg er den kr\u00f8llede hjerne bag denne blog om livet og det at se verden gennem neurodivergente briller. Som mor og formidler","robots":{"index":"index","follow":"follow","max-snippet":"max-snippet:-1","max-image-preview":"max-image-preview:large","max-video-preview":"max-video-preview:-1"},"canonical":"http:\/\/167.235.1.82\/~zannaibi\/udvikling\/index.php\/jeg-er\/","og_locale":"da_DK","og_type":"article","og_title":"Jeg er.. - 360&ordm; Neurodivergent","og_description":"Hvem er jeg? Jeg er den kr\u00f8llede hjerne bag denne blog om livet og det at se verden gennem neurodivergente briller. Som mor og formidler","og_url":"http:\/\/167.235.1.82\/~zannaibi\/udvikling\/index.php\/jeg-er\/","og_site_name":"360&ordm; Neurodivergent","og_image":[{"width":1920,"height":2560,"url":"http:\/\/167.235.1.82\/~zannaibi\/udvikling\/wp-content\/uploads\/2025\/03\/IMG_20191008_112900-scaled.jpg","type":"image\/jpeg"}],"twitter_card":"summary_large_image","twitter_misc":{"Estimeret l\u00e6setid":"3 minutter"},"schema":{"@context":"https:\/\/schema.org","@graph":[{"@type":"WebPage","@id":"http:\/\/167.235.1.82\/~zannaibi\/udvikling\/index.php\/jeg-er\/","url":"http:\/\/167.235.1.82\/~zannaibi\/udvikling\/index.php\/jeg-er\/","name":"Jeg er.. - 360&ordm; Neurodivergent","isPartOf":{"@id":"http:\/\/167.235.1.82\/~zannaibi\/udvikling\/#website"},"primaryImageOfPage":{"@id":"http:\/\/167.235.1.82\/~zannaibi\/udvikling\/index.php\/jeg-er\/#primaryimage"},"image":{"@id":"http:\/\/167.235.1.82\/~zannaibi\/udvikling\/index.php\/jeg-er\/#primaryimage"},"thumbnailUrl":"http:\/\/167.235.1.82\/~zannaibi\/udvikling\/wp-content\/uploads\/2025\/03\/IMG_20191008_112900-768x1024.jpg","datePublished":"2025-03-25T21:42:58+00:00","description":"Hvem er jeg? Jeg er den kr\u00f8llede hjerne bag denne blog om livet og det at se verden gennem neurodivergente briller. Som mor og formidler","breadcrumb":{"@id":"http:\/\/167.235.1.82\/~zannaibi\/udvikling\/index.php\/jeg-er\/#breadcrumb"},"inLanguage":"da-DK","potentialAction":[{"@type":"ReadAction","target":["http:\/\/167.235.1.82\/~zannaibi\/udvikling\/index.php\/jeg-er\/"]}]},{"@type":"ImageObject","inLanguage":"da-DK","@id":"http:\/\/167.235.1.82\/~zannaibi\/udvikling\/index.php\/jeg-er\/#primaryimage","url":"http:\/\/167.235.1.82\/~zannaibi\/udvikling\/wp-content\/uploads\/2025\/03\/IMG_20191008_112900-scaled.jpg","contentUrl":"http:\/\/167.235.1.82\/~zannaibi\/udvikling\/wp-content\/uploads\/2025\/03\/IMG_20191008_112900-scaled.jpg","width":1920,"height":2560},{"@type":"BreadcrumbList","@id":"http:\/\/167.235.1.82\/~zannaibi\/udvikling\/index.php\/jeg-er\/#breadcrumb","itemListElement":[{"@type":"ListItem","position":1,"name":"Hjem","item":"http:\/\/167.235.1.82\/~zannaibi\/udvikling\/"},{"@type":"ListItem","position":2,"name":"Jeg er.."}]},{"@type":"WebSite","@id":"http:\/\/167.235.1.82\/~zannaibi\/udvikling\/#website","url":"http:\/\/167.235.1.82\/~zannaibi\/udvikling\/","name":"360&ordm; Neurodivergent","description":"","potentialAction":[{"@type":"SearchAction","target":{"@type":"EntryPoint","urlTemplate":"http:\/\/167.235.1.82\/~zannaibi\/udvikling\/?s={search_term_string}"},"query-input":{"@type":"PropertyValueSpecification","valueRequired":true,"valueName":"search_term_string"}}],"inLanguage":"da-DK"}]}},"_links":{"self":[{"href":"http:\/\/167.235.1.82\/~zannaibi\/udvikling\/index.php\/wp-json\/wp\/v2\/pages\/39","targetHints":{"allow":["GET"]}}],"collection":[{"href":"http:\/\/167.235.1.82\/~zannaibi\/udvikling\/index.php\/wp-json\/wp\/v2\/pages"}],"about":[{"href":"http:\/\/167.235.1.82\/~zannaibi\/udvikling\/index.php\/wp-json\/wp\/v2\/types\/page"}],"author":[{"embeddable":true,"href":"http:\/\/167.235.1.82\/~zannaibi\/udvikling\/index.php\/wp-json\/wp\/v2\/users\/1"}],"replies":[{"embeddable":true,"href":"http:\/\/167.235.1.82\/~zannaibi\/udvikling\/index.php\/wp-json\/wp\/v2\/comments?post=39"}],"version-history":[{"count":1,"href":"http:\/\/167.235.1.82\/~zannaibi\/udvikling\/index.php\/wp-json\/wp\/v2\/pages\/39\/revisions"}],"predecessor-version":[{"id":41,"href":"http:\/\/167.235.1.82\/~zannaibi\/udvikling\/index.php\/wp-json\/wp\/v2\/pages\/39\/revisions\/41"}],"wp:attachment":[{"href":"http:\/\/167.235.1.82\/~zannaibi\/udvikling\/index.php\/wp-json\/wp\/v2\/media?parent=39"}],"curies":[{"name":"wp","href":"https:\/\/api.w.org\/{rel}","templated":true}]}}